{"id":1158,"date":"2024-07-31T16:40:52","date_gmt":"2024-07-31T16:40:52","guid":{"rendered":"http:\/\/daretocloud.ovh\/?page_id=1158"},"modified":"2025-11-17T02:31:49","modified_gmt":"2025-11-17T01:31:49","slug":"dokumentation","status":"publish","type":"page","link":"https:\/\/vdb-adhesives.com\/de\/dokumentation\/","title":{"rendered":"Dokumentation zu unseren Produkten"},"content":{"rendered":"<div class=\"wp-block-file\" style=\"padding-top:0;padding-bottom:0\"><a id=\"wp-block-file--media-475d1ab3-a5b9-4210-81eb-181df454e0e4\" href=\"http:\/\/vdb-adhesives.com\/wp-content\/uploads\/2025\/08\/Productcatalogus-German-2025.pdf\" target=\"_blank\" rel=\"noreferrer noopener\">Produktkatalog DE 2025<\/a><a href=\"http:\/\/vdb-adhesives.com\/wp-content\/uploads\/2025\/08\/Productcatalogus-German-2025.pdf\" class=\"wp-block-file__button wp-element-button\" download aria-describedby=\"wp-block-file--media-475d1ab3-a5b9-4210-81eb-181df454e0e4\">Herunterladen<\/a><\/div>\n\n\n\n<p>Um Transparenz zu gew\u00e4hrleisten und fundierte Entscheidungen zu unterst\u00fctzen, stellen wir umfassende Produktdatenbl\u00e4tter f\u00fcr alle unsere Dichtungsmittel zur Verf\u00fcgung. Diese Datenbl\u00e4tter enthalten detaillierte Spezifikationen und Leistungsmerkmale. Dar\u00fcber hinaus bieten wir Leistungserkl\u00e4rungen an, die die Wirksamkeit des Produkts und die Einhaltung von Industrienormen hervorheben. Zur Gew\u00e4hrleistung der Sicherheit und Einhaltung gesetzlicher Vorschriften sind auch Sicherheitsdatenbl\u00e4tter (MSDS) verf\u00fcgbar, die wichtige Informationen zur sicheren Handhabung und Verwendung unserer Produkte enthalten.&nbsp;<\/p>\n\n\n\n<div class=\"wp-block-uagb-container uagb-block-ji1mdhd3 alignfull uagb-is-root-container\"><div class=\"uagb-container-inner-blocks-wrap\">\n<div class=\"wp-block-uagb-info-box uagb-block-hw7bsvoe uagb-infobox__content-wrap  uagb-infobox-icon-above-title uagb-infobox-image-valign-top\"><div class=\"uagb-ifb-content\"><div class=\"uagb-ifb-title-wrap\"><h1 class=\"uagb-ifb-title\">Produktvideos<\/h1><\/div><p class=\"uagb-ifb-desc\">Sehen Sie einige unserer Produkte in Aktion<\/p><\/div><\/div>\n\n\n\n<div class=\"wp-block-columns is-layout-flex wp-container-core-columns-is-layout-28f84493 wp-block-columns-is-layout-flex\">\n<div class=\"wp-block-column is-layout-flow wp-block-column-is-layout-flow\">\n<h3 class=\"wp-block-heading\">Seal-it\u00ae 350 SUPER-ALL<\/h3>\n\n\n\n<figure class=\"wp-block-embed is-type-video is-provider-youtube wp-block-embed-youtube wp-embed-aspect-16-9 wp-has-aspect-ratio\"><div class=\"wp-block-embed__wrapper\">\n<iframe loading=\"lazy\" title=\"Br\u00fcckenfu\u00df mit Seal-it\u00ae 350 SUPER-ALL\" width=\"500\" height=\"281\" src=\"https:\/\/www.youtube.com\/embed\/6xZNpXu01c8?feature=oembed\" frameborder=\"0\" allow=\"accelerometer; autoplay; clipboard-write; encrypted-media; gyroscope; picture-in-picture; web-share\" referrerpolicy=\"strict-origin-when-cross-origin\" allowfullscreen><\/iframe>\n<\/div><\/figure>\n<\/div>\n\n\n\n<div class=\"wp-block-column is-layout-flow wp-block-column-is-layout-flow\">\n<h3 class=\"wp-block-heading\">Seal-it\u00ae 470 PU-SCHAUMPISTOLE<\/h3>\n\n\n\n<figure class=\"wp-block-embed is-type-video is-provider-youtube wp-block-embed-youtube wp-embed-aspect-16-9 wp-has-aspect-ratio\"><div class=\"wp-block-embed__wrapper\">\n<iframe loading=\"lazy\" title=\"F\u00fcllen mit Seal-it\u00ae 470 PU-SCHAUMPISTOLE\" width=\"500\" height=\"281\" src=\"https:\/\/www.youtube.com\/embed\/r6-OyowiPoM?feature=oembed\" frameborder=\"0\" allow=\"accelerometer; autoplay; clipboard-write; encrypted-media; gyroscope; picture-in-picture; web-share\" referrerpolicy=\"strict-origin-when-cross-origin\" allowfullscreen><\/iframe>\n<\/div><\/figure>\n<\/div>\n<\/div>\n\n\n\n<div class=\"wp-block-columns is-layout-flex wp-container-core-columns-is-layout-28f84493 wp-block-columns-is-layout-flex\">\n<div class=\"wp-block-column is-layout-flow wp-block-column-is-layout-flow\">\n<h3 class=\"wp-block-heading\">Seal-it\u00ae 115 TOP-ACRYL<\/h3>\n\n\n\n<figure class=\"wp-block-embed is-type-video is-provider-youtube wp-block-embed-youtube wp-embed-aspect-16-9 wp-has-aspect-ratio\"><div class=\"wp-block-embed__wrapper\">\n<iframe loading=\"lazy\" title=\"Abdichtung mit Seal-it\u00ae 115 TOP-ACRYL\" width=\"500\" height=\"281\" src=\"https:\/\/www.youtube.com\/embed\/n_S_AaZLP-w?feature=oembed\" frameborder=\"0\" allow=\"accelerometer; autoplay; clipboard-write; encrypted-media; gyroscope; picture-in-picture; web-share\" referrerpolicy=\"strict-origin-when-cross-origin\" allowfullscreen><\/iframe>\n<\/div><\/figure>\n<\/div>\n\n\n\n<div class=\"wp-block-column is-layout-flow wp-block-column-is-layout-flow\">\n<h3 class=\"wp-block-heading\">Seal-it\u00ae 250 SILICON-ALL<\/h3>\n\n\n\n<figure class=\"wp-block-embed is-type-video is-provider-youtube wp-block-embed-youtube wp-embed-aspect-16-9 wp-has-aspect-ratio\"><div class=\"wp-block-embed__wrapper\">\n<iframe loading=\"lazy\" title=\"Luftdichtheit mit Seal-it\u00ae 250 SILICON-ALL\" width=\"500\" height=\"281\" src=\"https:\/\/www.youtube.com\/embed\/pxTES69D1Ho?feature=oembed\" frameborder=\"0\" allow=\"accelerometer; autoplay; clipboard-write; encrypted-media; gyroscope; picture-in-picture; web-share\" referrerpolicy=\"strict-origin-when-cross-origin\" allowfullscreen><\/iframe>\n<\/div><\/figure>\n<\/div>\n<\/div>\n<\/div><\/div>\n\n\n\n<h2 class=\"wp-block-heading\">Produzent<\/h2>\n\n\n\n<p>Connect Products ist ein f\u00fchrender Hersteller, der sich auf Hochleistungsdichtstoffe spezialisiert hat. Connect Products, mit Hauptsitz in den Niederlanden, ist bekannt f\u00fcr seine Expertise in der Entwicklung fortschrittlicher Dichtungsl\u00f6sungen, die au\u00dfergew\u00f6hnliche Haltbarkeit, Flexibilit\u00e4t und Haftung bieten. Mit einem starken Schwerpunkt auf Innovation und technischer Exzellenz hat sich das Unternehmen der Weiterentwicklung der Dichtungstechnologie verschrieben. Angetrieben von seinem Engagement f\u00fcr die Umweltverantwortung verfolgt Connect Products abfallfreie Produktionsprozesse und nachhaltige Prinzipien.<\/p>\n\n\n\n<div class=\"wp-block-columns is-layout-flex wp-container-core-columns-is-layout-28f84493 wp-block-columns-is-layout-flex\">\n<div class=\"wp-block-column is-layout-flow wp-block-column-is-layout-flow\">\n<figure class=\"wp-block-image size-full is-resized\"><img loading=\"lazy\" decoding=\"async\" width=\"2362\" height=\"744\" src=\"http:\/\/vdb-adhesives.com\/wp-content\/uploads\/2024\/08\/Logo-Connect-Products-def-1.png\" alt=\"\" class=\"wp-image-1247\" style=\"width:509px;height:auto\" srcset=\"https:\/\/vdb-adhesives.com\/wp-content\/uploads\/2024\/08\/Logo-Connect-Products-def-1.png 2362w, https:\/\/vdb-adhesives.com\/wp-content\/uploads\/2024\/08\/Logo-Connect-Products-def-1-300x94.png 300w, https:\/\/vdb-adhesives.com\/wp-content\/uploads\/2024\/08\/Logo-Connect-Products-def-1-1024x323.png 1024w, https:\/\/vdb-adhesives.com\/wp-content\/uploads\/2024\/08\/Logo-Connect-Products-def-1-768x242.png 768w, https:\/\/vdb-adhesives.com\/wp-content\/uploads\/2024\/08\/Logo-Connect-Products-def-1-1536x484.png 1536w, https:\/\/vdb-adhesives.com\/wp-content\/uploads\/2024\/08\/Logo-Connect-Products-def-1-2048x645.png 2048w\" sizes=\"auto, (max-width: 2362px) 100vw, 2362px\" \/><\/figure>\n<\/div>\n\n\n\n<div class=\"wp-block-column is-layout-flow wp-block-column-is-layout-flow\">\n<figure class=\"wp-block-image size-full is-resized\"><img loading=\"lazy\" decoding=\"async\" width=\"558\" height=\"695\" src=\"http:\/\/vdb-adhesives.com\/wp-content\/uploads\/2024\/08\/Logo-Connect_Products_Seal-It.jpg\" alt=\"\" class=\"wp-image-1246\" style=\"width:120px;height:auto\" srcset=\"https:\/\/vdb-adhesives.com\/wp-content\/uploads\/2024\/08\/Logo-Connect_Products_Seal-It.jpg 558w, https:\/\/vdb-adhesives.com\/wp-content\/uploads\/2024\/08\/Logo-Connect_Products_Seal-It-241x300.jpg 241w\" sizes=\"auto, (max-width: 558px) 100vw, 558px\" \/><\/figure>\n<\/div>\n<\/div>\n\n\n\n<figure class=\"wp-block-embed is-type-video is-provider-youtube wp-block-embed-youtube wp-embed-aspect-16-9 wp-has-aspect-ratio\"><div class=\"wp-block-embed__wrapper\">\n<iframe loading=\"lazy\" title=\"Firmenvideo Connect Products BV mit Sprechertext\" width=\"500\" height=\"281\" src=\"https:\/\/www.youtube.com\/embed\/X_4FeiGgRgQ?feature=oembed\" frameborder=\"0\" allow=\"accelerometer; autoplay; clipboard-write; encrypted-media; gyroscope; picture-in-picture; web-share\" referrerpolicy=\"strict-origin-when-cross-origin\" allowfullscreen><\/iframe>\n<\/div><\/figure>","protected":false},"excerpt":{"rendered":"<p>To ensure transparency and support informed decision-making, we provide comprehensive product datasheets for all our sealants. These data sheets include [&hellip;]<\/p>\n","protected":false},"author":5,"featured_media":0,"parent":0,"menu_order":0,"comment_status":"closed","ping_status":"closed","template":"","meta":{"content-type":"","_uag_custom_page_level_css":"","site-sidebar-layout":"default","site-content-layout":"","ast-site-content-layout":"default","site-content-style":"default","site-sidebar-style":"default","ast-global-header-display":"","ast-banner-title-visibility":"","ast-main-header-display":"","ast-hfb-above-header-display":"","ast-hfb-below-header-display":"","ast-hfb-mobile-header-display":"","site-post-title":"","ast-breadcrumbs-content":"","ast-featured-img":"","footer-sml-layout":"","ast-disable-related-posts":"","theme-transparent-header-meta":"","adv-header-id-meta":"","stick-header-meta":"","header-above-stick-meta":"","header-main-stick-meta":"","header-below-stick-meta":"","astra-migrate-meta-layouts":"set","ast-page-background-enabled":"default","ast-page-background-meta":{"desktop":{"background-color":"var(--ast-global-color-4)","background-image":"","background-repeat":"repeat","background-position":"center center","background-size":"auto","background-attachment":"scroll","background-type":"","background-media":"","overlay-type":"","overlay-color":"","overlay-opacity":"","overlay-gradient":""},"tablet":{"background-color":"","background-image":"","background-repeat":"repeat","background-position":"center center","background-size":"auto","background-attachment":"scroll","background-type":"","background-media":"","overlay-type":"","overlay-color":"","overlay-opacity":"","overlay-gradient":""},"mobile":{"background-color":"","background-image":"","background-repeat":"repeat","background-position":"center center","background-size":"auto","background-attachment":"scroll","background-type":"","background-media":"","overlay-type":"","overlay-color":"","overlay-opacity":"","overlay-gradient":""}},"ast-content-background-meta":{"desktop":{"background-color":"var(--ast-global-color-5)","background-image":"","background-repeat":"repeat","background-position":"center center","background-size":"auto","background-attachment":"scroll","background-type":"","background-media":"","overlay-type":"","overlay-color":"","overlay-opacity":"","overlay-gradient":""},"tablet":{"background-color":"var(--ast-global-color-5)","background-image":"","background-repeat":"repeat","background-position":"center center","background-size":"auto","background-attachment":"scroll","background-type":"","background-media":"","overlay-type":"","overlay-color":"","overlay-opacity":"","overlay-gradient":""},"mobile":{"background-color":"var(--ast-global-color-5)","background-image":"","background-repeat":"repeat","background-position":"center center","background-size":"auto","background-attachment":"scroll","background-type":"","background-media":"","overlay-type":"","overlay-color":"","overlay-opacity":"","overlay-gradient":""}},"footnotes":""},"class_list":["post-1158","page","type-page","status-publish","hentry"],"yoast_head":"<!-- This site is optimized with the Yoast SEO plugin v27.4 - https:\/\/yoast.com\/product\/yoast-seo-wordpress\/ -->\n<title>Adhesive &amp; Sealant Tech Documents | Belgium Products<\/title>\n<meta name=\"description\" content=\"Access technical sheets for construction sealant waterproof, hybrid sealants, and spray adhesives in Belgium. Download and explore detailed documentation now!\" \/>\n<meta name=\"robots\" content=\"index, follow, max-snippet:-1, max-image-preview:large, max-video-preview:-1\" \/>\n<link rel=\"canonical\" href=\"https:\/\/vdb-adhesives.com\/de\/dokumentation\/\" \/>\n<meta property=\"og:locale\" content=\"de_DE\" \/>\n<meta property=\"og:type\" content=\"article\" \/>\n<meta property=\"og:title\" content=\"Adhesive &amp; Sealant Tech Documents | Belgium Products\" \/>\n<meta property=\"og:description\" content=\"Access technical sheets for construction sealant waterproof, hybrid sealants, and spray adhesives in Belgium. Download and explore detailed documentation now!\" \/>\n<meta property=\"og:url\" content=\"https:\/\/vdb-adhesives.com\/de\/dokumentation\/\" \/>\n<meta property=\"og:site_name\" content=\"VDB Adhesives\" \/>\n<meta property=\"article:modified_time\" content=\"2025-11-17T01:31:49+00:00\" \/>\n<meta property=\"og:image\" content=\"http:\/\/vdb-adhesives.com\/wp-content\/uploads\/2024\/08\/Logo-Connect-Products-def-1.png\" \/>\n<meta name=\"twitter:card\" content=\"summary_large_image\" \/>\n<meta name=\"twitter:label1\" content=\"Gesch\u00e4tzte Lesezeit\" \/>\n\t<meta name=\"twitter:data1\" content=\"2\u00a0Minuten\" \/>\n<script type=\"application\/ld+json\" class=\"yoast-schema-graph\">{\"@context\":\"https:\\\/\\\/schema.org\",\"@graph\":[{\"@type\":\"WebPage\",\"@id\":\"https:\\\/\\\/vdb-adhesives.com\\\/documentation\\\/\",\"url\":\"https:\\\/\\\/vdb-adhesives.com\\\/documentation\\\/\",\"name\":\"Adhesive & Sealant Tech Documents | Belgium Products\",\"isPartOf\":{\"@id\":\"https:\\\/\\\/vdb-adhesives.com\\\/#website\"},\"primaryImageOfPage\":{\"@id\":\"https:\\\/\\\/vdb-adhesives.com\\\/documentation\\\/#primaryimage\"},\"image\":{\"@id\":\"https:\\\/\\\/vdb-adhesives.com\\\/documentation\\\/#primaryimage\"},\"thumbnailUrl\":\"http:\\\/\\\/vdb-adhesives.com\\\/wp-content\\\/uploads\\\/2024\\\/08\\\/Logo-Connect-Products-def-1.png\",\"datePublished\":\"2024-07-31T16:40:52+00:00\",\"dateModified\":\"2025-11-17T01:31:49+00:00\",\"description\":\"Access technical sheets for construction sealant waterproof, hybrid sealants, and spray adhesives in Belgium. Download and explore detailed documentation now!\",\"breadcrumb\":{\"@id\":\"https:\\\/\\\/vdb-adhesives.com\\\/documentation\\\/#breadcrumb\"},\"inLanguage\":\"de\",\"potentialAction\":[{\"@type\":\"ReadAction\",\"target\":[\"https:\\\/\\\/vdb-adhesives.com\\\/documentation\\\/\"]}]},{\"@type\":\"ImageObject\",\"inLanguage\":\"de\",\"@id\":\"https:\\\/\\\/vdb-adhesives.com\\\/documentation\\\/#primaryimage\",\"url\":\"http:\\\/\\\/vdb-adhesives.com\\\/wp-content\\\/uploads\\\/2024\\\/08\\\/Logo-Connect-Products-def-1.png\",\"contentUrl\":\"http:\\\/\\\/vdb-adhesives.com\\\/wp-content\\\/uploads\\\/2024\\\/08\\\/Logo-Connect-Products-def-1.png\"},{\"@type\":\"BreadcrumbList\",\"@id\":\"https:\\\/\\\/vdb-adhesives.com\\\/documentation\\\/#breadcrumb\",\"itemListElement\":[{\"@type\":\"ListItem\",\"position\":1,\"name\":\"Home\",\"item\":\"https:\\\/\\\/vdb-adhesives.com\\\/\"},{\"@type\":\"ListItem\",\"position\":2,\"name\":\"Documentation about our products\"}]},{\"@type\":\"WebSite\",\"@id\":\"https:\\\/\\\/vdb-adhesives.com\\\/#website\",\"url\":\"https:\\\/\\\/vdb-adhesives.com\\\/\",\"name\":\"VdB Adhesives\",\"description\":\"Your partner in building materials\",\"publisher\":{\"@id\":\"https:\\\/\\\/vdb-adhesives.com\\\/#organization\"},\"potentialAction\":[{\"@type\":\"SearchAction\",\"target\":{\"@type\":\"EntryPoint\",\"urlTemplate\":\"https:\\\/\\\/vdb-adhesives.com\\\/?s={search_term_string}\"},\"query-input\":{\"@type\":\"PropertyValueSpecification\",\"valueRequired\":true,\"valueName\":\"search_term_string\"}}],\"inLanguage\":\"de\"},{\"@type\":\"Organization\",\"@id\":\"https:\\\/\\\/vdb-adhesives.com\\\/#organization\",\"name\":\"VdB Adhesives\",\"url\":\"https:\\\/\\\/vdb-adhesives.com\\\/\",\"logo\":{\"@type\":\"ImageObject\",\"inLanguage\":\"de\",\"@id\":\"https:\\\/\\\/vdb-adhesives.com\\\/#\\\/schema\\\/logo\\\/image\\\/\",\"url\":\"https:\\\/\\\/vdb-adhesives.com\\\/wp-content\\\/uploads\\\/2024\\\/08\\\/cropped-logo-VDB.png\",\"contentUrl\":\"https:\\\/\\\/vdb-adhesives.com\\\/wp-content\\\/uploads\\\/2024\\\/08\\\/cropped-logo-VDB.png\",\"width\":282,\"height\":167,\"caption\":\"VdB Adhesives\"},\"image\":{\"@id\":\"https:\\\/\\\/vdb-adhesives.com\\\/#\\\/schema\\\/logo\\\/image\\\/\"},\"sameAs\":[\"https:\\\/\\\/www.linkedin.com\\\/company\\\/vdb-adhesives\\\/\"]}]}<\/script>\n<!-- \/ Yoast SEO plugin. -->","yoast_head_json":{"title":"Technische Dokumente zu Klebstoffen und Dichtstoffen | Produkte aus Belgien","description":"Greifen Sie auf technische Datenbl\u00e4tter f\u00fcr wasserdichte Baudichtstoffe, Hybriddichtstoffe und Spr\u00fchklebstoffe in Belgien zu. Laden Sie die detaillierte Dokumentation jetzt herunter und entdecken Sie sie!","robots":{"index":"index","follow":"follow","max-snippet":"max-snippet:-1","max-image-preview":"max-image-preview:large","max-video-preview":"max-video-preview:-1"},"canonical":"https:\/\/vdb-adhesives.com\/de\/dokumentation\/","og_locale":"de_DE","og_type":"article","og_title":"Adhesive & Sealant Tech Documents | Belgium Products","og_description":"Access technical sheets for construction sealant waterproof, hybrid sealants, and spray adhesives in Belgium. Download and explore detailed documentation now!","og_url":"https:\/\/vdb-adhesives.com\/de\/dokumentation\/","og_site_name":"VDB Adhesives","article_modified_time":"2025-11-17T01:31:49+00:00","og_image":[{"url":"http:\/\/vdb-adhesives.com\/wp-content\/uploads\/2024\/08\/Logo-Connect-Products-def-1.png","type":"","width":"","height":""}],"twitter_card":"summary_large_image","twitter_misc":{"Gesch\u00e4tzte Lesezeit":"2\u00a0Minuten"},"schema":{"@context":"https:\/\/schema.org","@graph":[{"@type":"WebPage","@id":"https:\/\/vdb-adhesives.com\/documentation\/","url":"https:\/\/vdb-adhesives.com\/documentation\/","name":"Technische Dokumente zu Klebstoffen und Dichtstoffen | Produkte aus Belgien","isPartOf":{"@id":"https:\/\/vdb-adhesives.com\/#website"},"primaryImageOfPage":{"@id":"https:\/\/vdb-adhesives.com\/documentation\/#primaryimage"},"image":{"@id":"https:\/\/vdb-adhesives.com\/documentation\/#primaryimage"},"thumbnailUrl":"http:\/\/vdb-adhesives.com\/wp-content\/uploads\/2024\/08\/Logo-Connect-Products-def-1.png","datePublished":"2024-07-31T16:40:52+00:00","dateModified":"2025-11-17T01:31:49+00:00","description":"Greifen Sie auf technische Datenbl\u00e4tter f\u00fcr wasserdichte Baudichtstoffe, Hybriddichtstoffe und Spr\u00fchklebstoffe in Belgien zu. Laden Sie die detaillierte Dokumentation jetzt herunter und entdecken Sie sie!","breadcrumb":{"@id":"https:\/\/vdb-adhesives.com\/documentation\/#breadcrumb"},"inLanguage":"de","potentialAction":[{"@type":"ReadAction","target":["https:\/\/vdb-adhesives.com\/documentation\/"]}]},{"@type":"ImageObject","inLanguage":"de","@id":"https:\/\/vdb-adhesives.com\/documentation\/#primaryimage","url":"http:\/\/vdb-adhesives.com\/wp-content\/uploads\/2024\/08\/Logo-Connect-Products-def-1.png","contentUrl":"http:\/\/vdb-adhesives.com\/wp-content\/uploads\/2024\/08\/Logo-Connect-Products-def-1.png"},{"@type":"BreadcrumbList","@id":"https:\/\/vdb-adhesives.com\/documentation\/#breadcrumb","itemListElement":[{"@type":"ListItem","position":1,"name":"Home","item":"https:\/\/vdb-adhesives.com\/"},{"@type":"ListItem","position":2,"name":"Documentation about our products"}]},{"@type":"WebSite","@id":"https:\/\/vdb-adhesives.com\/#website","url":"https:\/\/vdb-adhesives.com\/","name":"VdB Klebstoffe","description":"Ihr Partner f\u00fcr Baustoffe","publisher":{"@id":"https:\/\/vdb-adhesives.com\/#organization"},"potentialAction":[{"@type":"SearchAction","target":{"@type":"EntryPoint","urlTemplate":"https:\/\/vdb-adhesives.com\/?s={search_term_string}"},"query-input":{"@type":"PropertyValueSpecification","valueRequired":true,"valueName":"search_term_string"}}],"inLanguage":"de"},{"@type":"Organization","@id":"https:\/\/vdb-adhesives.com\/#organization","name":"VdB Klebstoffe","url":"https:\/\/vdb-adhesives.com\/","logo":{"@type":"ImageObject","inLanguage":"de","@id":"https:\/\/vdb-adhesives.com\/#\/schema\/logo\/image\/","url":"https:\/\/vdb-adhesives.com\/wp-content\/uploads\/2024\/08\/cropped-logo-VDB.png","contentUrl":"https:\/\/vdb-adhesives.com\/wp-content\/uploads\/2024\/08\/cropped-logo-VDB.png","width":282,"height":167,"caption":"VdB Adhesives"},"image":{"@id":"https:\/\/vdb-adhesives.com\/#\/schema\/logo\/image\/"},"sameAs":["https:\/\/www.linkedin.com\/company\/vdb-adhesives\/"]}]}},"uagb_featured_image_src":{"full":false,"thumbnail":false,"medium":false,"medium_large":false,"large":false,"1536x1536":false,"2048x2048":false,"trp-custom-language-flag":false},"uagb_author_info":{"display_name":"Cyril","author_link":"https:\/\/vdb-adhesives.com\/de\/author\/objkihw8jyuw\/"},"uagb_comment_info":0,"uagb_excerpt":"To ensure transparency and support informed decision-making, we provide comprehensive product datasheets for all our sealants. These data sheets include [&hellip;]","_links":{"self":[{"href":"https:\/\/vdb-adhesives.com\/de\/wp-json\/wp\/v2\/pages\/1158","targetHints":{"allow":["GET"]}}],"collection":[{"href":"https:\/\/vdb-adhesives.com\/de\/wp-json\/wp\/v2\/pages"}],"about":[{"href":"https:\/\/vdb-adhesives.com\/de\/wp-json\/wp\/v2\/types\/page"}],"author":[{"embeddable":true,"href":"https:\/\/vdb-adhesives.com\/de\/wp-json\/wp\/v2\/users\/5"}],"replies":[{"embeddable":true,"href":"https:\/\/vdb-adhesives.com\/de\/wp-json\/wp\/v2\/comments?post=1158"}],"version-history":[{"count":8,"href":"https:\/\/vdb-adhesives.com\/de\/wp-json\/wp\/v2\/pages\/1158\/revisions"}],"predecessor-version":[{"id":1570,"href":"https:\/\/vdb-adhesives.com\/de\/wp-json\/wp\/v2\/pages\/1158\/revisions\/1570"}],"wp:attachment":[{"href":"https:\/\/vdb-adhesives.com\/de\/wp-json\/wp\/v2\/media?parent=1158"}],"curies":[{"name":"wp","href":"https:\/\/api.w.org\/{rel}","templated":true}]}}