{"id":44,"date":"2024-07-29T09:35:59","date_gmt":"2024-07-29T09:35:59","guid":{"rendered":"http:\/\/daretocloud.ovh\/?page_id=44"},"modified":"2026-01-06T17:38:00","modified_gmt":"2026-01-06T16:38:00","slug":"um","status":"publish","type":"page","link":"https:\/\/vdb-adhesives.com\/de\/um\/","title":{"rendered":"\u00dcber uns"},"content":{"rendered":"<div class=\"wp-block-uagb-container uagb-block-c61f8af5 alignfull uagb-is-root-container\"><div class=\"uagb-container-inner-blocks-wrap\">\n<div class=\"wp-block-uagb-advanced-heading uagb-block-a9f61422\"><h1 class=\"uagb-heading-text\">Ihr zuverl\u00e4ssiger Klebstoffpartner<\/h1><\/div>\n<\/div><\/div>\n\n\n\n<div class=\"wp-block-uagb-container uagb-block-828d2bae alignfull uagb-is-root-container\"><div class=\"uagb-container-inner-blocks-wrap\">\n<div class=\"wp-block-uagb-advanced-heading uagb-block-f024830a\"><h2 class=\"uagb-heading-text\">Dank unserer generations\u00fcbergreifenden Erfahrung verf\u00fcgen wir \u00fcber beispielloses Wissen in der Klebstoffindustrie und gew\u00e4hrleisten erstklassige Produkte und Dienstleistungen.<\/h2><\/div>\n\n\n\n<div class=\"wp-block-uagb-container uagb-block-bf9fc09d\">\n<div class=\"wp-block-uagb-container uagb-block-123b638b\">\n<div class=\"wp-block-uagb-image alignleft uagb-block-5cf4d5d4 wp-block-uagb-image--layout-default wp-block-uagb-image--effect-static wp-block-uagb-image--align-left\"><figure class=\"wp-block-uagb-image__figure\"><img decoding=\"async\" srcset=\"https:\/\/vdb-adhesives.com\/wp-content\/uploads\/2025\/11\/valentijn.png ,https:\/\/vdb-adhesives.com\/wp-content\/uploads\/2025\/11\/valentijn.png 780w, https:\/\/vdb-adhesives.com\/wp-content\/uploads\/2025\/11\/valentijn.png 360w\" sizes=\"auto, (max-width: 480px) 150px\" src=\"https:\/\/vdb-adhesives.com\/wp-content\/uploads\/2025\/11\/valentijn.png\" alt=\"Valentijn Den Braven von Vdb-Klebstoffe\" class=\"uag-image-1575\" width=\"567\" height=\"377\" title=\"Valentijn Den Braven \" loading=\"lazy\" role=\"img\"\/><\/figure><\/div>\n<\/div>\n\n\n\n<div class=\"wp-block-uagb-container uagb-block-d65ea7f2\">\n<div class=\"wp-block-uagb-advanced-heading uagb-block-3cdba2a2\"><h2 class=\"uagb-heading-text\">Lerne deinen neuen Partner kennen<\/h2><\/div>\n\n\n\n<div class=\"wp-block-uagb-advanced-heading uagb-block-c7f4308f\"><p class=\"uagb-desc-text\">Mit \u00fcber f\u00fcnf Jahrzehnten Familienerfahrung im Bereich Silikon- und Dichtungsprodukte verbinden wir traditionelle Handwerkskunst mit moderner Innovation. Diese langj\u00e4hrige Erfahrung hat uns ein tiefes Verst\u00e4ndnis f\u00fcr den Markt, die Materialien und die Herausforderungen unserer Kunden im Alltag erm\u00f6glicht.<\/p><\/div>\n\n\n\n<p>Wir setzen auf pers\u00f6nlichen Service und hochwertige Produkte, die Ihre individuellen Bed\u00fcrfnisse optimal erf\u00fcllen. Dank unserer langj\u00e4hrigen Erfahrung mit unterschiedlichsten Kunden und Anwendungsbereichen bieten wir nachhaltige und effektive L\u00f6sungen, die zu Ihrem Erfolg beitragen.<\/p>\n\n\n\n<p>Qualit\u00e4t, Zuverl\u00e4ssigkeit und Zusammenarbeit stehen im Mittelpunkt unseres Gesch\u00e4fts. Wir sind \u00fcberzeugt, dass echter Mehrwert entsteht, wenn Erfahrung und Engagement zusammenwirken, und genau darauf basiert jede langfristige Partnerschaft, die wir eingehen.<\/p>\n<\/div>\n<\/div>\n<\/div><\/div>\n\n\n\n<div class=\"wp-block-uagb-container uagb-block-gkmfzf0c alignfull uagb-is-root-container\"><div class=\"uagb-container-inner-blocks-wrap\">\n<div class=\"wp-block-uagb-info-box uagb-block-gl4uugvr uagb-infobox__content-wrap  uagb-infobox-icon-above-title uagb-infobox-image-valign-top\"><div class=\"uagb-ifb-content\"><div class=\"uagb-ifb-title-wrap\"><p class=\"uagb-ifb-title-prefix\">Vertrauensw\u00fcrdige Spitzenleistung<\/p><h2 class=\"uagb-ifb-title\">Wie wir arbeiten<\/h2><\/div><p class=\"uagb-ifb-desc\">Unser strukturierter Schritt-f\u00fcr-Schritt-Ansatz gew\u00e4hrleistet Produktqualit\u00e4t und Kundenzufriedenheit. Von der ersten Bewertung bis hin zu ma\u00dfgeschneiderten L\u00f6sungen und Tests ist jede Phase darauf ausgelegt, erstklassige Ergebnisse zu liefern und dauerhafte Partnerschaften zu f\u00f6rdern.<\/p><\/div><\/div>\n\n\n\n<div class=\"wp-block-uagb-container uagb-block-hctkgcbm\">\n<div class=\"wp-block-uagb-info-box uagb-block-hc6qankc uagb-infobox__content-wrap  uagb-infobox-icon-left-title uagb-infobox-left uagb-infobox-image-valign-top\"><div class=\"uagb-ifb-content\"><div class=\"uagb-ifb-left-title-image\"><div class=\"uagb-ifb-icon-wrap\"><svg xmlns=\"https:\/\/www.w3.org\/2000\/svg\" viewbox=\"0 0 448 512\"><path d=\"M438.6 105.4C451.1 117.9 451.1 138.1 438.6 150.6L182.6 406.6C170.1 419.1 149.9 419.1 137.4 406.6L9.372 278.6C-3.124 266.1-3.124 245.9 9.372 233.4C21.87 220.9 42.13 220.9 54.63 233.4L159.1 338.7L393.4 105.4C405.9 92.88 426.1 92.88 438.6 105.4H438.6z\"><\/path><\/svg><\/div><div class=\"uagb-ifb-title-wrap\"><h3 class=\"uagb-ifb-title\">Schritt 1<\/h3><\/div><\/div><p class=\"uagb-ifb-desc\">Physische oder digitale Beratung \u2013 Um zu verstehen, welche Art von Produkten zu Ihrem Anwendungsfall passen w\u00fcrde.<\/p><div class=\"uagb-ifb-separator\"><\/div><\/div><\/div>\n\n\n\n<div class=\"wp-block-uagb-info-box uagb-block-7ow3zago uagb-infobox__content-wrap  uagb-infobox-icon-left-title uagb-infobox-left uagb-infobox-image-valign-top\"><div class=\"uagb-ifb-content\"><div class=\"uagb-ifb-left-title-image\"><div class=\"uagb-ifb-icon-wrap\"><svg xmlns=\"https:\/\/www.w3.org\/2000\/svg\" viewbox=\"0 0 448 512\"><path d=\"M438.6 105.4C451.1 117.9 451.1 138.1 438.6 150.6L182.6 406.6C170.1 419.1 149.9 419.1 137.4 406.6L9.372 278.6C-3.124 266.1-3.124 245.9 9.372 233.4C21.87 220.9 42.13 220.9 54.63 233.4L159.1 338.7L393.4 105.4C405.9 92.88 426.1 92.88 438.6 105.4H438.6z\"><\/path><\/svg><\/div><div class=\"uagb-ifb-title-wrap\"><h3 class=\"uagb-ifb-title\">Schritt 2<\/h3><\/div><\/div><p class=\"uagb-ifb-desc\">Produktauswahl und Angebot \u2013 Wir bieten eine gro\u00dfe Vielfalt an Klebeprodukten zur Auswahl.<\/p><div class=\"uagb-ifb-separator\"><\/div><\/div><\/div>\n\n\n\n<div class=\"wp-block-uagb-info-box uagb-block-ozdh6tlb uagb-infobox__content-wrap  uagb-infobox-icon-left-title uagb-infobox-left uagb-infobox-image-valign-top\"><div class=\"uagb-ifb-content\"><div class=\"uagb-ifb-left-title-image\"><div class=\"uagb-ifb-icon-wrap\"><svg xmlns=\"https:\/\/www.w3.org\/2000\/svg\" viewbox=\"0 0 448 512\"><path d=\"M438.6 105.4C451.1 117.9 451.1 138.1 438.6 150.6L182.6 406.6C170.1 419.1 149.9 419.1 137.4 406.6L9.372 278.6C-3.124 266.1-3.124 245.9 9.372 233.4C21.87 220.9 42.13 220.9 54.63 233.4L159.1 338.7L393.4 105.4C405.9 92.88 426.1 92.88 438.6 105.4H438.6z\"><\/path><\/svg><\/div><div class=\"uagb-ifb-title-wrap\"><h3 class=\"uagb-ifb-title\">Schritt 3<\/h3><\/div><\/div><p class=\"uagb-ifb-desc\">Probe \u2013 \u00dcberzeugen Sie sich vor dem Kauf anhand einer kleinen Testcharge von der Qualit\u00e4t. So stellen Sie sicher, dass das Silikon zu Ihren Anforderungen passt.&nbsp;<\/p><div class=\"uagb-ifb-separator\"><\/div><\/div><\/div>\n\n\n\n<div class=\"wp-block-uagb-info-box uagb-block-2406e4ef uagb-infobox__content-wrap  uagb-infobox-icon-left-title uagb-infobox-left uagb-infobox-image-valign-top\"><div class=\"uagb-ifb-content\"><div class=\"uagb-ifb-left-title-image\"><div class=\"uagb-ifb-icon-wrap\"><svg xmlns=\"https:\/\/www.w3.org\/2000\/svg\" viewbox=\"0 0 448 512\"><path d=\"M438.6 105.4C451.1 117.9 451.1 138.1 438.6 150.6L182.6 406.6C170.1 419.1 149.9 419.1 137.4 406.6L9.372 278.6C-3.124 266.1-3.124 245.9 9.372 233.4C21.87 220.9 42.13 220.9 54.63 233.4L159.1 338.7L393.4 105.4C405.9 92.88 426.1 92.88 438.6 105.4H438.6z\"><\/path><\/svg><\/div><div class=\"uagb-ifb-title-wrap\"><h3 class=\"uagb-ifb-title\">Schritt 4<\/h3><\/div><\/div><p class=\"uagb-ifb-desc\">Machen Sie den Deal perfekt! \u2013 Werden Sie ein gesch\u00e4tzter Kunde und vertrauter Partner.<\/p><div class=\"uagb-ifb-separator\"><\/div><\/div><\/div>\n<\/div>\n<\/div><\/div>\n\n\n\n<figure class=\"wp-block-image aligncenter size-large is-resized\"><img decoding=\"async\" src=\"https:\/\/www.voka.be\/sites\/default\/files\/images\/Member-logo-silver-EN.jpg\" alt=\"Member of the VOKA \" style=\"width:414px;height:auto\"\/><\/figure>\n\n\n\n\n\n<div class=\"wp-block-uagb-container uagb-block-b5f2dd4a default uagb-is-root-container\">\n<div class=\"wp-block-uagb-container uagb-layout-grid uagb-block-50082671\">\n<div class=\"wp-block-uagb-info-box uagb-block-8768d98f uagb-infobox__content-wrap  uagb-infobox-icon-above-title uagb-infobox-image-valign-top wp-block-uagb-info-box--has-margin\"><div class=\"uagb-infobox-margin-wrapper\"><div class=\"uagb-ifb-content\"><div class=\"uagb-ifb-title-wrap\"><h2 class=\"uagb-ifb-title\"><strong>Arbeiten Sie mit uns zusammen, um Ihre Gesch\u00e4ftsl\u00f6sungen zu verbessern und zu optimieren.<\/strong><\/h2><\/div><p class=\"uagb-ifb-desc\">Nehmen Sie noch heute Kontakt mit uns auf, um die optimale L\u00f6sung f\u00fcr all Ihre Anforderungen zu finden.<\/p><div class=\"uagb-ifb-button-wrapper wp-block-button\"><a href=\"\/de\/kontakt\/\" class=\"uagb-infobox-cta-link wp-block-button__link\" target=\"_self\" rel=\"noopener noreferrer\" onclick=\"return true;\"><span class=\"uagb-inline-editing\">Mehr erfahren<\/span><\/a><\/div><\/div><\/div><\/div>\n<\/div>\n<\/div>","protected":false},"excerpt":{"rendered":"<p>Your trusted adhesive partner With multi-generational experience, we offer unparalleled knowledge in the adhesives industry, ensuring top-notch products and services. [&hellip;]<\/p>\n","protected":false},"author":5,"featured_media":0,"parent":0,"menu_order":0,"comment_status":"closed","ping_status":"closed","template":"","meta":{"content-type":"","_uag_custom_page_level_css":"","site-sidebar-layout":"default","site-content-layout":"","ast-site-content-layout":"default","site-content-style":"default","site-sidebar-style":"default","ast-global-header-display":"","ast-banner-title-visibility":"disabled","ast-main-header-display":"","ast-hfb-above-header-display":"","ast-hfb-below-header-display":"","ast-hfb-mobile-header-display":"","site-post-title":"","ast-breadcrumbs-content":"","ast-featured-img":"","footer-sml-layout":"","ast-disable-related-posts":"","theme-transparent-header-meta":"default","adv-header-id-meta":"","stick-header-meta":"","header-above-stick-meta":"","header-main-stick-meta":"","header-below-stick-meta":"","astra-migrate-meta-layouts":"set","ast-page-background-enabled":"default","ast-page-background-meta":{"desktop":{"background-color":"var(--ast-global-color-4)","background-image":"","background-repeat":"repeat","background-position":"center center","background-size":"auto","background-attachment":"scroll","background-type":"","background-media":"","overlay-type":"","overlay-color":"","overlay-opacity":"","overlay-gradient":""},"tablet":{"background-color":"","background-image":"","background-repeat":"repeat","background-position":"center center","background-size":"auto","background-attachment":"scroll","background-type":"","background-media":"","overlay-type":"","overlay-color":"","overlay-opacity":"","overlay-gradient":""},"mobile":{"background-color":"","background-image":"","background-repeat":"repeat","background-position":"center center","background-size":"auto","background-attachment":"scroll","background-type":"","background-media":"","overlay-type":"","overlay-color":"","overlay-opacity":"","overlay-gradient":""}},"ast-content-background-meta":{"desktop":{"background-color":"var(--ast-global-color-5)","background-image":"","background-repeat":"repeat","background-position":"center center","background-size":"auto","background-attachment":"scroll","background-type":"","background-media":"","overlay-type":"","overlay-color":"","overlay-opacity":"","overlay-gradient":""},"tablet":{"background-color":"var(--ast-global-color-5)","background-image":"","background-repeat":"repeat","background-position":"center center","background-size":"auto","background-attachment":"scroll","background-type":"","background-media":"","overlay-type":"","overlay-color":"","overlay-opacity":"","overlay-gradient":""},"mobile":{"background-color":"var(--ast-global-color-5)","background-image":"","background-repeat":"repeat","background-position":"center center","background-size":"auto","background-attachment":"scroll","background-type":"","background-media":"","overlay-type":"","overlay-color":"","overlay-opacity":"","overlay-gradient":""}},"footnotes":""},"class_list":["post-44","page","type-page","status-publish","hentry"],"yoast_head":"<!-- This site is optimized with the Yoast SEO plugin v27.4 - https:\/\/yoast.com\/product\/yoast-seo-wordpress\/ -->\n<title>About Us | Leading Adhesive Sealant Products in Belgium<\/title>\n<meta name=\"description\" content=\"Learn how we supply fire retardant sealants, wood glue, and premium construction adhesives in Belgium. Meet our expert team and partner with us today!\" \/>\n<meta name=\"robots\" content=\"index, follow, max-snippet:-1, max-image-preview:large, max-video-preview:-1\" \/>\n<link rel=\"canonical\" href=\"https:\/\/vdb-adhesives.com\/de\/um\/\" \/>\n<meta property=\"og:locale\" content=\"de_DE\" \/>\n<meta property=\"og:type\" content=\"article\" \/>\n<meta property=\"og:title\" content=\"About Us | Leading Adhesive Sealant Products in Belgium\" \/>\n<meta property=\"og:description\" content=\"Learn how we supply fire retardant sealants, wood glue, and premium construction adhesives in Belgium. Meet our expert team and partner with us today!\" \/>\n<meta property=\"og:url\" content=\"https:\/\/vdb-adhesives.com\/de\/um\/\" \/>\n<meta property=\"og:site_name\" content=\"VDB Adhesives\" \/>\n<meta property=\"article:modified_time\" content=\"2026-01-06T16:38:00+00:00\" \/>\n<meta property=\"og:image\" content=\"http:\/\/vdb-adhesives.com\/wp-content\/uploads\/2025\/11\/valentijn.png\" \/>\n<meta name=\"twitter:card\" content=\"summary_large_image\" \/>\n<meta name=\"twitter:label1\" content=\"Gesch\u00e4tzte Lesezeit\" \/>\n\t<meta name=\"twitter:data1\" content=\"2\u00a0Minuten\" \/>\n<script type=\"application\/ld+json\" class=\"yoast-schema-graph\">{\"@context\":\"https:\\\/\\\/schema.org\",\"@graph\":[{\"@type\":\"WebPage\",\"@id\":\"https:\\\/\\\/vdb-adhesives.com\\\/about\\\/\",\"url\":\"https:\\\/\\\/vdb-adhesives.com\\\/about\\\/\",\"name\":\"About Us | Leading Adhesive Sealant Products in Belgium\",\"isPartOf\":{\"@id\":\"https:\\\/\\\/vdb-adhesives.com\\\/#website\"},\"primaryImageOfPage\":{\"@id\":\"https:\\\/\\\/vdb-adhesives.com\\\/about\\\/#primaryimage\"},\"image\":{\"@id\":\"https:\\\/\\\/vdb-adhesives.com\\\/about\\\/#primaryimage\"},\"thumbnailUrl\":\"http:\\\/\\\/vdb-adhesives.com\\\/wp-content\\\/uploads\\\/2025\\\/11\\\/valentijn.png\",\"datePublished\":\"2024-07-29T09:35:59+00:00\",\"dateModified\":\"2026-01-06T16:38:00+00:00\",\"description\":\"Learn how we supply fire retardant sealants, wood glue, and premium construction adhesives in Belgium. Meet our expert team and partner with us today!\",\"breadcrumb\":{\"@id\":\"https:\\\/\\\/vdb-adhesives.com\\\/about\\\/#breadcrumb\"},\"inLanguage\":\"de\",\"potentialAction\":[{\"@type\":\"ReadAction\",\"target\":[\"https:\\\/\\\/vdb-adhesives.com\\\/about\\\/\"]}]},{\"@type\":\"ImageObject\",\"inLanguage\":\"de\",\"@id\":\"https:\\\/\\\/vdb-adhesives.com\\\/about\\\/#primaryimage\",\"url\":\"http:\\\/\\\/vdb-adhesives.com\\\/wp-content\\\/uploads\\\/2025\\\/11\\\/valentijn.png\",\"contentUrl\":\"http:\\\/\\\/vdb-adhesives.com\\\/wp-content\\\/uploads\\\/2025\\\/11\\\/valentijn.png\"},{\"@type\":\"BreadcrumbList\",\"@id\":\"https:\\\/\\\/vdb-adhesives.com\\\/about\\\/#breadcrumb\",\"itemListElement\":[{\"@type\":\"ListItem\",\"position\":1,\"name\":\"Home\",\"item\":\"https:\\\/\\\/vdb-adhesives.com\\\/\"},{\"@type\":\"ListItem\",\"position\":2,\"name\":\"About\"}]},{\"@type\":\"WebSite\",\"@id\":\"https:\\\/\\\/vdb-adhesives.com\\\/#website\",\"url\":\"https:\\\/\\\/vdb-adhesives.com\\\/\",\"name\":\"VdB Adhesives\",\"description\":\"Your partner in building materials\",\"publisher\":{\"@id\":\"https:\\\/\\\/vdb-adhesives.com\\\/#organization\"},\"potentialAction\":[{\"@type\":\"SearchAction\",\"target\":{\"@type\":\"EntryPoint\",\"urlTemplate\":\"https:\\\/\\\/vdb-adhesives.com\\\/?s={search_term_string}\"},\"query-input\":{\"@type\":\"PropertyValueSpecification\",\"valueRequired\":true,\"valueName\":\"search_term_string\"}}],\"inLanguage\":\"de\"},{\"@type\":\"Organization\",\"@id\":\"https:\\\/\\\/vdb-adhesives.com\\\/#organization\",\"name\":\"VdB Adhesives\",\"url\":\"https:\\\/\\\/vdb-adhesives.com\\\/\",\"logo\":{\"@type\":\"ImageObject\",\"inLanguage\":\"de\",\"@id\":\"https:\\\/\\\/vdb-adhesives.com\\\/#\\\/schema\\\/logo\\\/image\\\/\",\"url\":\"https:\\\/\\\/vdb-adhesives.com\\\/wp-content\\\/uploads\\\/2024\\\/08\\\/cropped-logo-VDB.png\",\"contentUrl\":\"https:\\\/\\\/vdb-adhesives.com\\\/wp-content\\\/uploads\\\/2024\\\/08\\\/cropped-logo-VDB.png\",\"width\":282,\"height\":167,\"caption\":\"VdB Adhesives\"},\"image\":{\"@id\":\"https:\\\/\\\/vdb-adhesives.com\\\/#\\\/schema\\\/logo\\\/image\\\/\"},\"sameAs\":[\"https:\\\/\\\/www.linkedin.com\\\/company\\\/vdb-adhesives\\\/\"]}]}<\/script>\n<!-- \/ Yoast SEO plugin. -->","yoast_head_json":{"title":"\u00dcber uns | F\u00fchrende Kleb- und Dichtstoffprodukte in Belgien","description":"Erfahren Sie, wie wir in Belgien feuerhemmende Dichtstoffe, Holzleim und hochwertige Bauklebstoffe liefern. Lernen Sie unser Expertenteam kennen und werden Sie noch heute unser Partner!","robots":{"index":"index","follow":"follow","max-snippet":"max-snippet:-1","max-image-preview":"max-image-preview:large","max-video-preview":"max-video-preview:-1"},"canonical":"https:\/\/vdb-adhesives.com\/de\/um\/","og_locale":"de_DE","og_type":"article","og_title":"About Us | Leading Adhesive Sealant Products in Belgium","og_description":"Learn how we supply fire retardant sealants, wood glue, and premium construction adhesives in Belgium. Meet our expert team and partner with us today!","og_url":"https:\/\/vdb-adhesives.com\/de\/um\/","og_site_name":"VDB Adhesives","article_modified_time":"2026-01-06T16:38:00+00:00","og_image":[{"url":"http:\/\/vdb-adhesives.com\/wp-content\/uploads\/2025\/11\/valentijn.png","type":"","width":"","height":""}],"twitter_card":"summary_large_image","twitter_misc":{"Gesch\u00e4tzte Lesezeit":"2\u00a0Minuten"},"schema":{"@context":"https:\/\/schema.org","@graph":[{"@type":"WebPage","@id":"https:\/\/vdb-adhesives.com\/about\/","url":"https:\/\/vdb-adhesives.com\/about\/","name":"\u00dcber uns | F\u00fchrende Kleb- und Dichtstoffprodukte in Belgien","isPartOf":{"@id":"https:\/\/vdb-adhesives.com\/#website"},"primaryImageOfPage":{"@id":"https:\/\/vdb-adhesives.com\/about\/#primaryimage"},"image":{"@id":"https:\/\/vdb-adhesives.com\/about\/#primaryimage"},"thumbnailUrl":"http:\/\/vdb-adhesives.com\/wp-content\/uploads\/2025\/11\/valentijn.png","datePublished":"2024-07-29T09:35:59+00:00","dateModified":"2026-01-06T16:38:00+00:00","description":"Erfahren Sie, wie wir in Belgien feuerhemmende Dichtstoffe, Holzleim und hochwertige Bauklebstoffe liefern. Lernen Sie unser Expertenteam kennen und werden Sie noch heute unser Partner!","breadcrumb":{"@id":"https:\/\/vdb-adhesives.com\/about\/#breadcrumb"},"inLanguage":"de","potentialAction":[{"@type":"ReadAction","target":["https:\/\/vdb-adhesives.com\/about\/"]}]},{"@type":"ImageObject","inLanguage":"de","@id":"https:\/\/vdb-adhesives.com\/about\/#primaryimage","url":"http:\/\/vdb-adhesives.com\/wp-content\/uploads\/2025\/11\/valentijn.png","contentUrl":"http:\/\/vdb-adhesives.com\/wp-content\/uploads\/2025\/11\/valentijn.png"},{"@type":"BreadcrumbList","@id":"https:\/\/vdb-adhesives.com\/about\/#breadcrumb","itemListElement":[{"@type":"ListItem","position":1,"name":"Home","item":"https:\/\/vdb-adhesives.com\/"},{"@type":"ListItem","position":2,"name":"About"}]},{"@type":"WebSite","@id":"https:\/\/vdb-adhesives.com\/#website","url":"https:\/\/vdb-adhesives.com\/","name":"VdB Klebstoffe","description":"Ihr Partner f\u00fcr Baustoffe","publisher":{"@id":"https:\/\/vdb-adhesives.com\/#organization"},"potentialAction":[{"@type":"SearchAction","target":{"@type":"EntryPoint","urlTemplate":"https:\/\/vdb-adhesives.com\/?s={search_term_string}"},"query-input":{"@type":"PropertyValueSpecification","valueRequired":true,"valueName":"search_term_string"}}],"inLanguage":"de"},{"@type":"Organization","@id":"https:\/\/vdb-adhesives.com\/#organization","name":"VdB Klebstoffe","url":"https:\/\/vdb-adhesives.com\/","logo":{"@type":"ImageObject","inLanguage":"de","@id":"https:\/\/vdb-adhesives.com\/#\/schema\/logo\/image\/","url":"https:\/\/vdb-adhesives.com\/wp-content\/uploads\/2024\/08\/cropped-logo-VDB.png","contentUrl":"https:\/\/vdb-adhesives.com\/wp-content\/uploads\/2024\/08\/cropped-logo-VDB.png","width":282,"height":167,"caption":"VdB Adhesives"},"image":{"@id":"https:\/\/vdb-adhesives.com\/#\/schema\/logo\/image\/"},"sameAs":["https:\/\/www.linkedin.com\/company\/vdb-adhesives\/"]}]}},"uagb_featured_image_src":{"full":false,"thumbnail":false,"medium":false,"medium_large":false,"large":false,"1536x1536":false,"2048x2048":false,"trp-custom-language-flag":false},"uagb_author_info":{"display_name":"Cyril","author_link":"https:\/\/vdb-adhesives.com\/de\/author\/objkihw8jyuw\/"},"uagb_comment_info":0,"uagb_excerpt":"Your trusted adhesive partner With multi-generational experience, we offer unparalleled knowledge in the adhesives industry, ensuring top-notch products and services. [&hellip;]","_links":{"self":[{"href":"https:\/\/vdb-adhesives.com\/de\/wp-json\/wp\/v2\/pages\/44","targetHints":{"allow":["GET"]}}],"collection":[{"href":"https:\/\/vdb-adhesives.com\/de\/wp-json\/wp\/v2\/pages"}],"about":[{"href":"https:\/\/vdb-adhesives.com\/de\/wp-json\/wp\/v2\/types\/page"}],"author":[{"embeddable":true,"href":"https:\/\/vdb-adhesives.com\/de\/wp-json\/wp\/v2\/users\/5"}],"replies":[{"embeddable":true,"href":"https:\/\/vdb-adhesives.com\/de\/wp-json\/wp\/v2\/comments?post=44"}],"version-history":[{"count":10,"href":"https:\/\/vdb-adhesives.com\/de\/wp-json\/wp\/v2\/pages\/44\/revisions"}],"predecessor-version":[{"id":1616,"href":"https:\/\/vdb-adhesives.com\/de\/wp-json\/wp\/v2\/pages\/44\/revisions\/1616"}],"wp:attachment":[{"href":"https:\/\/vdb-adhesives.com\/de\/wp-json\/wp\/v2\/media?parent=44"}],"curies":[{"name":"wp","href":"https:\/\/api.w.org\/{rel}","templated":true}]}}