{"id":1158,"date":"2024-07-31T16:40:52","date_gmt":"2024-07-31T16:40:52","guid":{"rendered":"http:\/\/daretocloud.ovh\/?page_id=1158"},"modified":"2025-11-17T02:31:49","modified_gmt":"2025-11-17T01:31:49","slug":"documentation","status":"publish","type":"page","link":"https:\/\/vdb-adhesives.com\/fr\/documentation\/","title":{"rendered":"Documentation sur nos produits"},"content":{"rendered":"<div class=\"wp-block-file\" style=\"padding-top:0;padding-bottom:0\"><a id=\"wp-block-file--media-475d1ab3-a5b9-4210-81eb-181df454e0e4\" href=\"http:\/\/vdb-adhesives.com\/wp-content\/uploads\/2025\/06\/Product_Catalogus_FR-2025.pdf\" target=\"_blank\" rel=\"noreferrer noopener\">Catalogue de produits fran\u00e7ais 2025<\/a><a href=\"http:\/\/vdb-adhesives.com\/wp-content\/uploads\/2025\/06\/Product_Catalogus_FR-2025.pdf\" class=\"wp-block-file__button wp-element-button\" download aria-describedby=\"wp-block-file--media-475d1ab3-a5b9-4210-81eb-181df454e0e4\">T\u00e9l\u00e9charger<\/a><\/div>\n\n\n\n<p>Afin de garantir la transparence et de faciliter la prise de d\u00e9cision \u00e9clair\u00e9e, nous fournissons des fiches techniques compl\u00e8tes pour tous nos mastics. Ces fiches incluent des sp\u00e9cifications et des caract\u00e9ristiques de performance d\u00e9taill\u00e9es. De plus, nous proposons des d\u00e9clarations de performance qui soulignent l&#039;efficacit\u00e9 du produit et sa conformit\u00e9 aux normes industrielles. Pour des raisons de s\u00e9curit\u00e9 et de conformit\u00e9 r\u00e9glementaire, des fiches de donn\u00e9es de s\u00e9curit\u00e9 (FDS) sont \u00e9galement disponibles, fournissant des informations essentielles sur la manipulation et l&#039;utilisation s\u00fbres de nos produits.&nbsp;<\/p>\n\n\n\n<div class=\"wp-block-uagb-container uagb-block-ji1mdhd3 alignfull uagb-is-root-container\"><div class=\"uagb-container-inner-blocks-wrap\">\n<div class=\"wp-block-uagb-info-box uagb-block-hw7bsvoe uagb-infobox__content-wrap  uagb-infobox-icon-above-title uagb-infobox-image-valign-top\"><div class=\"uagb-ifb-content\"><div class=\"uagb-ifb-title-wrap\"><h1 class=\"uagb-ifb-title\">Vid\u00e9os de produits<\/h1><\/div><p class=\"uagb-ifb-desc\">D\u00e9couvrez certains de nos produits en action<\/p><\/div><\/div>\n\n\n\n<div class=\"wp-block-columns is-layout-flex wp-container-core-columns-is-layout-28f84493 wp-block-columns-is-layout-flex\">\n<div class=\"wp-block-column is-layout-flow wp-block-column-is-layout-flow\">\n<h3 class=\"wp-block-heading\">Seal-it\u00ae 350 SUPER-ALL<\/h3>\n\n\n\n<figure class=\"wp-block-embed is-type-video is-provider-youtube wp-block-embed-youtube wp-embed-aspect-16-9 wp-has-aspect-ratio\"><div class=\"wp-block-embed__wrapper\">\n<iframe loading=\"lazy\" title=\"Pont roulant avec Seal-it\u00ae 350 SUPER-ALL\" width=\"500\" height=\"281\" src=\"https:\/\/www.youtube.com\/embed\/6xZNpXu01c8?feature=oembed\" frameborder=\"0\" allow=\"accelerometer; autoplay; clipboard-write; encrypted-media; gyroscope; picture-in-picture; web-share\" referrerpolicy=\"strict-origin-when-cross-origin\" allowfullscreen><\/iframe>\n<\/div><\/figure>\n<\/div>\n\n\n\n<div class=\"wp-block-column is-layout-flow wp-block-column-is-layout-flow\">\n<h3 class=\"wp-block-heading\">Pistolet \u00e0 mousse PU Seal-it\u00ae 470<\/h3>\n\n\n\n<figure class=\"wp-block-embed is-type-video is-provider-youtube wp-block-embed-youtube wp-embed-aspect-16-9 wp-has-aspect-ratio\"><div class=\"wp-block-embed__wrapper\">\n<iframe loading=\"lazy\" title=\"Pistolet \u00e0 mousse PU Seal-it\u00ae 470\" width=\"500\" height=\"281\" src=\"https:\/\/www.youtube.com\/embed\/r6-OyowiPoM?feature=oembed\" frameborder=\"0\" allow=\"accelerometer; autoplay; clipboard-write; encrypted-media; gyroscope; picture-in-picture; web-share\" referrerpolicy=\"strict-origin-when-cross-origin\" allowfullscreen><\/iframe>\n<\/div><\/figure>\n<\/div>\n<\/div>\n\n\n\n<div class=\"wp-block-columns is-layout-flex wp-container-core-columns-is-layout-28f84493 wp-block-columns-is-layout-flex\">\n<div class=\"wp-block-column is-layout-flow wp-block-column-is-layout-flow\">\n<h3 class=\"wp-block-heading\">Seal-it\u00ae 115 TOP-ACRYL<\/h3>\n\n\n\n<figure class=\"wp-block-embed is-type-video is-provider-youtube wp-block-embed-youtube wp-embed-aspect-16-9 wp-has-aspect-ratio\"><div class=\"wp-block-embed__wrapper\">\n<iframe loading=\"lazy\" title=\"Voegafdichting met Seal-it\u00ae 115 TOP-ACRYL\" width=\"500\" height=\"281\" src=\"https:\/\/www.youtube.com\/embed\/n_S_AaZLP-w?feature=oembed\" frameborder=\"0\" allow=\"accelerometer; autoplay; clipboard-write; encrypted-media; gyroscope; picture-in-picture; web-share\" referrerpolicy=\"strict-origin-when-cross-origin\" allowfullscreen><\/iframe>\n<\/div><\/figure>\n<\/div>\n\n\n\n<div class=\"wp-block-column is-layout-flow wp-block-column-is-layout-flow\">\n<h3 class=\"wp-block-heading\">Seal-it\u00ae 250 SILICIUM-TOUT<\/h3>\n\n\n\n<figure class=\"wp-block-embed is-type-video is-provider-youtube wp-block-embed-youtube wp-embed-aspect-16-9 wp-has-aspect-ratio\"><div class=\"wp-block-embed__wrapper\">\n<iframe loading=\"lazy\" title=\"Joint d&#039;\u00e9tanch\u00e9it\u00e9 avec Seal-it\u00ae 250 SILICON-ALL\" width=\"500\" height=\"281\" src=\"https:\/\/www.youtube.com\/embed\/pxTES69D1Ho?feature=oembed\" frameborder=\"0\" allow=\"accelerometer; autoplay; clipboard-write; encrypted-media; gyroscope; picture-in-picture; web-share\" referrerpolicy=\"strict-origin-when-cross-origin\" allowfullscreen><\/iframe>\n<\/div><\/figure>\n<\/div>\n<\/div>\n<\/div><\/div>\n\n\n\n<h2 class=\"wp-block-heading\">Producteur<\/h2>\n\n\n\n<p>Connect Products est un fabricant leader sp\u00e9cialis\u00e9 dans les mastics haute performance. Bas\u00e9 aux Pays-Bas, Connect Products est reconnu pour son expertise dans le d\u00e9veloppement de solutions d&#039;\u00e9tanch\u00e9it\u00e9 avanc\u00e9es offrant une durabilit\u00e9, une flexibilit\u00e9 et une adh\u00e9rence exceptionnelles. Privil\u00e9giant l&#039;innovation et l&#039;excellence technique, l&#039;entreprise s&#039;engage \u00e0 faire progresser la technologie des mastics. Fid\u00e8le \u00e0 son engagement environnemental, Connect Products applique des processus de production z\u00e9ro d\u00e9chet et des principes de d\u00e9veloppement durable.<\/p>\n\n\n\n<div class=\"wp-block-columns is-layout-flex wp-container-core-columns-is-layout-28f84493 wp-block-columns-is-layout-flex\">\n<div class=\"wp-block-column is-layout-flow wp-block-column-is-layout-flow\">\n<figure class=\"wp-block-image size-full is-resized\"><img loading=\"lazy\" decoding=\"async\" width=\"2362\" height=\"744\" src=\"http:\/\/vdb-adhesives.com\/wp-content\/uploads\/2024\/08\/Logo-Connect-Products-def-1.png\" alt=\"\" class=\"wp-image-1247\" style=\"width:509px;height:auto\" srcset=\"https:\/\/vdb-adhesives.com\/wp-content\/uploads\/2024\/08\/Logo-Connect-Products-def-1.png 2362w, https:\/\/vdb-adhesives.com\/wp-content\/uploads\/2024\/08\/Logo-Connect-Products-def-1-300x94.png 300w, https:\/\/vdb-adhesives.com\/wp-content\/uploads\/2024\/08\/Logo-Connect-Products-def-1-1024x323.png 1024w, https:\/\/vdb-adhesives.com\/wp-content\/uploads\/2024\/08\/Logo-Connect-Products-def-1-768x242.png 768w, https:\/\/vdb-adhesives.com\/wp-content\/uploads\/2024\/08\/Logo-Connect-Products-def-1-1536x484.png 1536w, https:\/\/vdb-adhesives.com\/wp-content\/uploads\/2024\/08\/Logo-Connect-Products-def-1-2048x645.png 2048w\" sizes=\"auto, (max-width: 2362px) 100vw, 2362px\" \/><\/figure>\n<\/div>\n\n\n\n<div class=\"wp-block-column is-layout-flow wp-block-column-is-layout-flow\">\n<figure class=\"wp-block-image size-full is-resized\"><img loading=\"lazy\" decoding=\"async\" width=\"558\" height=\"695\" src=\"http:\/\/vdb-adhesives.com\/wp-content\/uploads\/2024\/08\/Logo-Connect_Products_Seal-It.jpg\" alt=\"\" class=\"wp-image-1246\" style=\"width:120px;height:auto\" srcset=\"https:\/\/vdb-adhesives.com\/wp-content\/uploads\/2024\/08\/Logo-Connect_Products_Seal-It.jpg 558w, https:\/\/vdb-adhesives.com\/wp-content\/uploads\/2024\/08\/Logo-Connect_Products_Seal-It-241x300.jpg 241w\" sizes=\"auto, (max-width: 558px) 100vw, 558px\" \/><\/figure>\n<\/div>\n<\/div>\n\n\n\n<figure class=\"wp-block-embed is-type-video is-provider-youtube wp-block-embed-youtube wp-embed-aspect-16-9 wp-has-aspect-ratio\"><div class=\"wp-block-embed__wrapper\">\n<iframe loading=\"lazy\" title=\"Vid\u00e9o d&#039;entreprise Connect Products BV avec voix off\" width=\"500\" height=\"281\" src=\"https:\/\/www.youtube.com\/embed\/X_4FeiGgRgQ?feature=oembed\" frameborder=\"0\" allow=\"accelerometer; autoplay; clipboard-write; encrypted-media; gyroscope; picture-in-picture; web-share\" referrerpolicy=\"strict-origin-when-cross-origin\" allowfullscreen><\/iframe>\n<\/div><\/figure>","protected":false},"excerpt":{"rendered":"<p>To ensure transparency and support informed decision-making, we provide comprehensive product datasheets for all our sealants. These data sheets include [&hellip;]<\/p>\n","protected":false},"author":5,"featured_media":0,"parent":0,"menu_order":0,"comment_status":"closed","ping_status":"closed","template":"","meta":{"content-type":"","_uag_custom_page_level_css":"","site-sidebar-layout":"default","site-content-layout":"","ast-site-content-layout":"default","site-content-style":"default","site-sidebar-style":"default","ast-global-header-display":"","ast-banner-title-visibility":"","ast-main-header-display":"","ast-hfb-above-header-display":"","ast-hfb-below-header-display":"","ast-hfb-mobile-header-display":"","site-post-title":"","ast-breadcrumbs-content":"","ast-featured-img":"","footer-sml-layout":"","ast-disable-related-posts":"","theme-transparent-header-meta":"","adv-header-id-meta":"","stick-header-meta":"","header-above-stick-meta":"","header-main-stick-meta":"","header-below-stick-meta":"","astra-migrate-meta-layouts":"set","ast-page-background-enabled":"default","ast-page-background-meta":{"desktop":{"background-color":"var(--ast-global-color-4)","background-image":"","background-repeat":"repeat","background-position":"center center","background-size":"auto","background-attachment":"scroll","background-type":"","background-media":"","overlay-type":"","overlay-color":"","overlay-opacity":"","overlay-gradient":""},"tablet":{"background-color":"","background-image":"","background-repeat":"repeat","background-position":"center center","background-size":"auto","background-attachment":"scroll","background-type":"","background-media":"","overlay-type":"","overlay-color":"","overlay-opacity":"","overlay-gradient":""},"mobile":{"background-color":"","background-image":"","background-repeat":"repeat","background-position":"center center","background-size":"auto","background-attachment":"scroll","background-type":"","background-media":"","overlay-type":"","overlay-color":"","overlay-opacity":"","overlay-gradient":""}},"ast-content-background-meta":{"desktop":{"background-color":"var(--ast-global-color-5)","background-image":"","background-repeat":"repeat","background-position":"center center","background-size":"auto","background-attachment":"scroll","background-type":"","background-media":"","overlay-type":"","overlay-color":"","overlay-opacity":"","overlay-gradient":""},"tablet":{"background-color":"var(--ast-global-color-5)","background-image":"","background-repeat":"repeat","background-position":"center center","background-size":"auto","background-attachment":"scroll","background-type":"","background-media":"","overlay-type":"","overlay-color":"","overlay-opacity":"","overlay-gradient":""},"mobile":{"background-color":"var(--ast-global-color-5)","background-image":"","background-repeat":"repeat","background-position":"center center","background-size":"auto","background-attachment":"scroll","background-type":"","background-media":"","overlay-type":"","overlay-color":"","overlay-opacity":"","overlay-gradient":""}},"footnotes":""},"class_list":["post-1158","page","type-page","status-publish","hentry"],"yoast_head":"<!-- This site is optimized with the Yoast SEO plugin v27.4 - https:\/\/yoast.com\/product\/yoast-seo-wordpress\/ -->\n<title>Adhesive &amp; Sealant Tech Documents | Belgium Products<\/title>\n<meta name=\"description\" content=\"Access technical sheets for construction sealant waterproof, hybrid sealants, and spray adhesives in Belgium. Download and explore detailed documentation now!\" \/>\n<meta name=\"robots\" content=\"index, follow, max-snippet:-1, max-image-preview:large, max-video-preview:-1\" \/>\n<link rel=\"canonical\" href=\"https:\/\/vdb-adhesives.com\/fr\/documentation\/\" \/>\n<meta property=\"og:locale\" content=\"fr_FR\" \/>\n<meta property=\"og:type\" content=\"article\" \/>\n<meta property=\"og:title\" content=\"Adhesive &amp; Sealant Tech Documents | Belgium Products\" \/>\n<meta property=\"og:description\" content=\"Access technical sheets for construction sealant waterproof, hybrid sealants, and spray adhesives in Belgium. Download and explore detailed documentation now!\" \/>\n<meta property=\"og:url\" content=\"https:\/\/vdb-adhesives.com\/fr\/documentation\/\" \/>\n<meta property=\"og:site_name\" content=\"VDB Adhesives\" \/>\n<meta property=\"article:modified_time\" content=\"2025-11-17T01:31:49+00:00\" \/>\n<meta property=\"og:image\" content=\"http:\/\/vdb-adhesives.com\/wp-content\/uploads\/2024\/08\/Logo-Connect-Products-def-1.png\" \/>\n<meta name=\"twitter:card\" content=\"summary_large_image\" \/>\n<meta name=\"twitter:label1\" content=\"Dur\u00e9e de lecture estim\u00e9e\" \/>\n\t<meta name=\"twitter:data1\" content=\"2 minutes\" \/>\n<script type=\"application\/ld+json\" class=\"yoast-schema-graph\">{\"@context\":\"https:\\\/\\\/schema.org\",\"@graph\":[{\"@type\":\"WebPage\",\"@id\":\"https:\\\/\\\/vdb-adhesives.com\\\/documentation\\\/\",\"url\":\"https:\\\/\\\/vdb-adhesives.com\\\/documentation\\\/\",\"name\":\"Adhesive & Sealant Tech Documents | Belgium Products\",\"isPartOf\":{\"@id\":\"https:\\\/\\\/vdb-adhesives.com\\\/#website\"},\"primaryImageOfPage\":{\"@id\":\"https:\\\/\\\/vdb-adhesives.com\\\/documentation\\\/#primaryimage\"},\"image\":{\"@id\":\"https:\\\/\\\/vdb-adhesives.com\\\/documentation\\\/#primaryimage\"},\"thumbnailUrl\":\"http:\\\/\\\/vdb-adhesives.com\\\/wp-content\\\/uploads\\\/2024\\\/08\\\/Logo-Connect-Products-def-1.png\",\"datePublished\":\"2024-07-31T16:40:52+00:00\",\"dateModified\":\"2025-11-17T01:31:49+00:00\",\"description\":\"Access technical sheets for construction sealant waterproof, hybrid sealants, and spray adhesives in Belgium. Download and explore detailed documentation now!\",\"breadcrumb\":{\"@id\":\"https:\\\/\\\/vdb-adhesives.com\\\/documentation\\\/#breadcrumb\"},\"inLanguage\":\"fr-FR\",\"potentialAction\":[{\"@type\":\"ReadAction\",\"target\":[\"https:\\\/\\\/vdb-adhesives.com\\\/documentation\\\/\"]}]},{\"@type\":\"ImageObject\",\"inLanguage\":\"fr-FR\",\"@id\":\"https:\\\/\\\/vdb-adhesives.com\\\/documentation\\\/#primaryimage\",\"url\":\"http:\\\/\\\/vdb-adhesives.com\\\/wp-content\\\/uploads\\\/2024\\\/08\\\/Logo-Connect-Products-def-1.png\",\"contentUrl\":\"http:\\\/\\\/vdb-adhesives.com\\\/wp-content\\\/uploads\\\/2024\\\/08\\\/Logo-Connect-Products-def-1.png\"},{\"@type\":\"BreadcrumbList\",\"@id\":\"https:\\\/\\\/vdb-adhesives.com\\\/documentation\\\/#breadcrumb\",\"itemListElement\":[{\"@type\":\"ListItem\",\"position\":1,\"name\":\"Home\",\"item\":\"https:\\\/\\\/vdb-adhesives.com\\\/\"},{\"@type\":\"ListItem\",\"position\":2,\"name\":\"Documentation about our products\"}]},{\"@type\":\"WebSite\",\"@id\":\"https:\\\/\\\/vdb-adhesives.com\\\/#website\",\"url\":\"https:\\\/\\\/vdb-adhesives.com\\\/\",\"name\":\"VdB Adhesives\",\"description\":\"Your partner in building materials\",\"publisher\":{\"@id\":\"https:\\\/\\\/vdb-adhesives.com\\\/#organization\"},\"potentialAction\":[{\"@type\":\"SearchAction\",\"target\":{\"@type\":\"EntryPoint\",\"urlTemplate\":\"https:\\\/\\\/vdb-adhesives.com\\\/?s={search_term_string}\"},\"query-input\":{\"@type\":\"PropertyValueSpecification\",\"valueRequired\":true,\"valueName\":\"search_term_string\"}}],\"inLanguage\":\"fr-FR\"},{\"@type\":\"Organization\",\"@id\":\"https:\\\/\\\/vdb-adhesives.com\\\/#organization\",\"name\":\"VdB Adhesives\",\"url\":\"https:\\\/\\\/vdb-adhesives.com\\\/\",\"logo\":{\"@type\":\"ImageObject\",\"inLanguage\":\"fr-FR\",\"@id\":\"https:\\\/\\\/vdb-adhesives.com\\\/#\\\/schema\\\/logo\\\/image\\\/\",\"url\":\"https:\\\/\\\/vdb-adhesives.com\\\/wp-content\\\/uploads\\\/2024\\\/08\\\/cropped-logo-VDB.png\",\"contentUrl\":\"https:\\\/\\\/vdb-adhesives.com\\\/wp-content\\\/uploads\\\/2024\\\/08\\\/cropped-logo-VDB.png\",\"width\":282,\"height\":167,\"caption\":\"VdB Adhesives\"},\"image\":{\"@id\":\"https:\\\/\\\/vdb-adhesives.com\\\/#\\\/schema\\\/logo\\\/image\\\/\"},\"sameAs\":[\"https:\\\/\\\/www.linkedin.com\\\/company\\\/vdb-adhesives\\\/\"]}]}<\/script>\n<!-- \/ Yoast SEO plugin. -->","yoast_head_json":{"title":"Documentation technique sur les adh\u00e9sifs et les mastics | Produits belges","description":"Acc\u00e9dez aux fiches techniques des mastics d&#039;\u00e9tanch\u00e9it\u00e9 pour la construction, des mastics hybrides et des adh\u00e9sifs en spray disponibles en Belgique. T\u00e9l\u00e9chargez et consultez la documentation d\u00e9taill\u00e9e d\u00e8s maintenant\u00a0!","robots":{"index":"index","follow":"follow","max-snippet":"max-snippet:-1","max-image-preview":"max-image-preview:large","max-video-preview":"max-video-preview:-1"},"canonical":"https:\/\/vdb-adhesives.com\/fr\/documentation\/","og_locale":"fr_FR","og_type":"article","og_title":"Adhesive & Sealant Tech Documents | Belgium Products","og_description":"Access technical sheets for construction sealant waterproof, hybrid sealants, and spray adhesives in Belgium. Download and explore detailed documentation now!","og_url":"https:\/\/vdb-adhesives.com\/fr\/documentation\/","og_site_name":"VDB Adhesives","article_modified_time":"2025-11-17T01:31:49+00:00","og_image":[{"url":"http:\/\/vdb-adhesives.com\/wp-content\/uploads\/2024\/08\/Logo-Connect-Products-def-1.png","type":"","width":"","height":""}],"twitter_card":"summary_large_image","twitter_misc":{"Dur\u00e9e de lecture estim\u00e9e":"2 minutes"},"schema":{"@context":"https:\/\/schema.org","@graph":[{"@type":"WebPage","@id":"https:\/\/vdb-adhesives.com\/documentation\/","url":"https:\/\/vdb-adhesives.com\/documentation\/","name":"Documentation technique sur les adh\u00e9sifs et les mastics | Produits belges","isPartOf":{"@id":"https:\/\/vdb-adhesives.com\/#website"},"primaryImageOfPage":{"@id":"https:\/\/vdb-adhesives.com\/documentation\/#primaryimage"},"image":{"@id":"https:\/\/vdb-adhesives.com\/documentation\/#primaryimage"},"thumbnailUrl":"http:\/\/vdb-adhesives.com\/wp-content\/uploads\/2024\/08\/Logo-Connect-Products-def-1.png","datePublished":"2024-07-31T16:40:52+00:00","dateModified":"2025-11-17T01:31:49+00:00","description":"Acc\u00e9dez aux fiches techniques des mastics d&#039;\u00e9tanch\u00e9it\u00e9 pour la construction, des mastics hybrides et des adh\u00e9sifs en spray disponibles en Belgique. T\u00e9l\u00e9chargez et consultez la documentation d\u00e9taill\u00e9e d\u00e8s maintenant\u00a0!","breadcrumb":{"@id":"https:\/\/vdb-adhesives.com\/documentation\/#breadcrumb"},"inLanguage":"fr-FR","potentialAction":[{"@type":"ReadAction","target":["https:\/\/vdb-adhesives.com\/documentation\/"]}]},{"@type":"ImageObject","inLanguage":"fr-FR","@id":"https:\/\/vdb-adhesives.com\/documentation\/#primaryimage","url":"http:\/\/vdb-adhesives.com\/wp-content\/uploads\/2024\/08\/Logo-Connect-Products-def-1.png","contentUrl":"http:\/\/vdb-adhesives.com\/wp-content\/uploads\/2024\/08\/Logo-Connect-Products-def-1.png"},{"@type":"BreadcrumbList","@id":"https:\/\/vdb-adhesives.com\/documentation\/#breadcrumb","itemListElement":[{"@type":"ListItem","position":1,"name":"Home","item":"https:\/\/vdb-adhesives.com\/"},{"@type":"ListItem","position":2,"name":"Documentation about our products"}]},{"@type":"WebSite","@id":"https:\/\/vdb-adhesives.com\/#website","url":"https:\/\/vdb-adhesives.com\/","name":"Adh\u00e9sifs VdB","description":"Votre partenaire en mat\u00e9riaux de construction","publisher":{"@id":"https:\/\/vdb-adhesives.com\/#organization"},"potentialAction":[{"@type":"SearchAction","target":{"@type":"EntryPoint","urlTemplate":"https:\/\/vdb-adhesives.com\/?s={search_term_string}"},"query-input":{"@type":"PropertyValueSpecification","valueRequired":true,"valueName":"search_term_string"}}],"inLanguage":"fr-FR"},{"@type":"Organization","@id":"https:\/\/vdb-adhesives.com\/#organization","name":"Adh\u00e9sifs VdB","url":"https:\/\/vdb-adhesives.com\/","logo":{"@type":"ImageObject","inLanguage":"fr-FR","@id":"https:\/\/vdb-adhesives.com\/#\/schema\/logo\/image\/","url":"https:\/\/vdb-adhesives.com\/wp-content\/uploads\/2024\/08\/cropped-logo-VDB.png","contentUrl":"https:\/\/vdb-adhesives.com\/wp-content\/uploads\/2024\/08\/cropped-logo-VDB.png","width":282,"height":167,"caption":"VdB Adhesives"},"image":{"@id":"https:\/\/vdb-adhesives.com\/#\/schema\/logo\/image\/"},"sameAs":["https:\/\/www.linkedin.com\/company\/vdb-adhesives\/"]}]}},"uagb_featured_image_src":{"full":false,"thumbnail":false,"medium":false,"medium_large":false,"large":false,"1536x1536":false,"2048x2048":false,"trp-custom-language-flag":false},"uagb_author_info":{"display_name":"Cyril","author_link":"https:\/\/vdb-adhesives.com\/fr\/author\/objkihw8jyuw\/"},"uagb_comment_info":0,"uagb_excerpt":"To ensure transparency and support informed decision-making, we provide comprehensive product datasheets for all our sealants. These data sheets include [&hellip;]","_links":{"self":[{"href":"https:\/\/vdb-adhesives.com\/fr\/wp-json\/wp\/v2\/pages\/1158","targetHints":{"allow":["GET"]}}],"collection":[{"href":"https:\/\/vdb-adhesives.com\/fr\/wp-json\/wp\/v2\/pages"}],"about":[{"href":"https:\/\/vdb-adhesives.com\/fr\/wp-json\/wp\/v2\/types\/page"}],"author":[{"embeddable":true,"href":"https:\/\/vdb-adhesives.com\/fr\/wp-json\/wp\/v2\/users\/5"}],"replies":[{"embeddable":true,"href":"https:\/\/vdb-adhesives.com\/fr\/wp-json\/wp\/v2\/comments?post=1158"}],"version-history":[{"count":8,"href":"https:\/\/vdb-adhesives.com\/fr\/wp-json\/wp\/v2\/pages\/1158\/revisions"}],"predecessor-version":[{"id":1570,"href":"https:\/\/vdb-adhesives.com\/fr\/wp-json\/wp\/v2\/pages\/1158\/revisions\/1570"}],"wp:attachment":[{"href":"https:\/\/vdb-adhesives.com\/fr\/wp-json\/wp\/v2\/media?parent=1158"}],"curies":[{"name":"wp","href":"https:\/\/api.w.org\/{rel}","templated":true}]}}