{"id":44,"date":"2024-07-29T09:35:59","date_gmt":"2024-07-29T09:35:59","guid":{"rendered":"http:\/\/daretocloud.ovh\/?page_id=44"},"modified":"2026-01-06T17:38:00","modified_gmt":"2026-01-06T16:38:00","slug":"a-propos","status":"publish","type":"page","link":"https:\/\/vdb-adhesives.com\/fr\/a-propos\/","title":{"rendered":"\u00c0 propos"},"content":{"rendered":"<div class=\"wp-block-uagb-container uagb-block-c61f8af5 alignfull uagb-is-root-container\"><div class=\"uagb-container-inner-blocks-wrap\">\n<div class=\"wp-block-uagb-advanced-heading uagb-block-a9f61422\"><h1 class=\"uagb-heading-text\">Votre partenaire adh\u00e9sif de confiance<\/h1><\/div>\n<\/div><\/div>\n\n\n\n<div class=\"wp-block-uagb-container uagb-block-828d2bae alignfull uagb-is-root-container\"><div class=\"uagb-container-inner-blocks-wrap\">\n<div class=\"wp-block-uagb-advanced-heading uagb-block-f024830a\"><h2 class=\"uagb-heading-text\">Forts d\u2019une exp\u00e9rience multig\u00e9n\u00e9rationnelle, nous offrons des connaissances in\u00e9gal\u00e9es dans l\u2019industrie des adh\u00e9sifs, garantissant des produits et services de premier ordre.<\/h2><\/div>\n\n\n\n<div class=\"wp-block-uagb-container uagb-block-bf9fc09d\">\n<div class=\"wp-block-uagb-container uagb-block-123b638b\">\n<div class=\"wp-block-uagb-image alignleft uagb-block-5cf4d5d4 wp-block-uagb-image--layout-default wp-block-uagb-image--effect-static wp-block-uagb-image--align-left\"><figure class=\"wp-block-uagb-image__figure\"><img decoding=\"async\" srcset=\"https:\/\/vdb-adhesives.com\/wp-content\/uploads\/2025\/11\/valentijn.png ,https:\/\/vdb-adhesives.com\/wp-content\/uploads\/2025\/11\/valentijn.png 780w, https:\/\/vdb-adhesives.com\/wp-content\/uploads\/2025\/11\/valentijn.png 360w\" sizes=\"auto, (max-width: 480px) 150px\" src=\"https:\/\/vdb-adhesives.com\/wp-content\/uploads\/2025\/11\/valentijn.png\" alt=\"Valentijn Den Braven de Vdb-adh\u00e9sifs\" class=\"uag-image-1575\" width=\"567\" height=\"377\" title=\"Valentin Den Braven \" loading=\"lazy\" role=\"img\"\/><\/figure><\/div>\n<\/div>\n\n\n\n<div class=\"wp-block-uagb-container uagb-block-d65ea7f2\">\n<div class=\"wp-block-uagb-advanced-heading uagb-block-3cdba2a2\"><h2 class=\"uagb-heading-text\">Faites la connaissance de votre nouveau partenaire<\/h2><\/div>\n\n\n\n<div class=\"wp-block-uagb-advanced-heading uagb-block-c7f4308f\"><p class=\"uagb-desc-text\">Forts de plus de cinquante ans d&#039;exp\u00e9rience familiale dans le domaine du silicone et des produits d&#039;\u00e9tanch\u00e9it\u00e9, nous allions savoir-faire traditionnel et innovation moderne. Ce riche h\u00e9ritage nous conf\u00e8re une connaissance approfondie du march\u00e9, des mat\u00e9riaux et des d\u00e9fis que nos clients rencontrent au quotidien.<\/p><\/div>\n\n\n\n<p>Nous nous engageons \u00e0 vous fournir un service personnalis\u00e9 et des produits de haute qualit\u00e9 qui r\u00e9pondent parfaitement \u00e0 vos besoins sp\u00e9cifiques. Gr\u00e2ce \u00e0 notre vaste exp\u00e9rience aupr\u00e8s d&#039;une client\u00e8le diversifi\u00e9e et dans de nombreux domaines d&#039;application, nous proposons des solutions durables et performantes qui contribuent \u00e0 votre r\u00e9ussite.<\/p>\n\n\n\n<p>La qualit\u00e9, la fiabilit\u00e9 et la collaboration sont au c\u0153ur de notre activit\u00e9. Nous sommes convaincus que la v\u00e9ritable valeur ajout\u00e9e na\u00eet de l&#039;alliance de l&#039;exp\u00e9rience et de l&#039;engagement, et c&#039;est pr\u00e9cis\u00e9ment sur ce principe que repose chacun de nos partenariats \u00e0 long terme.<\/p>\n<\/div>\n<\/div>\n<\/div><\/div>\n\n\n\n<div class=\"wp-block-uagb-container uagb-block-gkmfzf0c alignfull uagb-is-root-container\"><div class=\"uagb-container-inner-blocks-wrap\">\n<div class=\"wp-block-uagb-info-box uagb-block-gl4uugvr uagb-infobox__content-wrap  uagb-infobox-icon-above-title uagb-infobox-image-valign-top\"><div class=\"uagb-ifb-content\"><div class=\"uagb-ifb-title-wrap\"><p class=\"uagb-ifb-title-prefix\">Excellence de confiance<\/p><h2 class=\"uagb-ifb-title\">Comment nous travaillons<\/h2><\/div><p class=\"uagb-ifb-desc\">Notre approche structur\u00e9e, \u00e9tape par \u00e9tape, garantit l&#039;excellence de nos produits et la satisfaction de nos clients. De l&#039;\u00e9valuation initiale aux solutions sur mesure et aux tests, chaque phase est con\u00e7ue pour produire des r\u00e9sultats de qualit\u00e9 sup\u00e9rieure et favoriser des partenariats durables.<\/p><\/div><\/div>\n\n\n\n<div class=\"wp-block-uagb-container uagb-block-hctkgcbm\">\n<div class=\"wp-block-uagb-info-box uagb-block-hc6qankc uagb-infobox__content-wrap  uagb-infobox-icon-left-title uagb-infobox-left uagb-infobox-image-valign-top\"><div class=\"uagb-ifb-content\"><div class=\"uagb-ifb-left-title-image\"><div class=\"uagb-ifb-icon-wrap\"><svg xmlns=\"https:\/\/www.w3.org\/2000\/svg\" viewbox=\"0 0 448 512\"><path d=\"M438.6 105.4C451.1 117.9 451.1 138.1 438.6 150.6L182.6 406.6C170.1 419.1 149.9 419.1 137.4 406.6L9.372 278.6C-3.124 266.1-3.124 245.9 9.372 233.4C21.87 220.9 42.13 220.9 54.63 233.4L159.1 338.7L393.4 105.4C405.9 92.88 426.1 92.88 438.6 105.4H438.6z\"><\/path><\/svg><\/div><div class=\"uagb-ifb-title-wrap\"><h3 class=\"uagb-ifb-title\">\u00c9tape 1<\/h3><\/div><\/div><p class=\"uagb-ifb-desc\">Consultation physique ou num\u00e9rique \u2013 Pour comprendre quel type de produits conviendrait \u00e0 votre cas d\u2019utilisation.<\/p><div class=\"uagb-ifb-separator\"><\/div><\/div><\/div>\n\n\n\n<div class=\"wp-block-uagb-info-box uagb-block-7ow3zago uagb-infobox__content-wrap  uagb-infobox-icon-left-title uagb-infobox-left uagb-infobox-image-valign-top\"><div class=\"uagb-ifb-content\"><div class=\"uagb-ifb-left-title-image\"><div class=\"uagb-ifb-icon-wrap\"><svg xmlns=\"https:\/\/www.w3.org\/2000\/svg\" viewbox=\"0 0 448 512\"><path d=\"M438.6 105.4C451.1 117.9 451.1 138.1 438.6 150.6L182.6 406.6C170.1 419.1 149.9 419.1 137.4 406.6L9.372 278.6C-3.124 266.1-3.124 245.9 9.372 233.4C21.87 220.9 42.13 220.9 54.63 233.4L159.1 338.7L393.4 105.4C405.9 92.88 426.1 92.88 438.6 105.4H438.6z\"><\/path><\/svg><\/div><div class=\"uagb-ifb-title-wrap\"><h3 class=\"uagb-ifb-title\">\u00c9tape 2<\/h3><\/div><\/div><p class=\"uagb-ifb-desc\">S\u00e9lection et devis de produits \u2013 Nous proposons une grande vari\u00e9t\u00e9 de produits adh\u00e9sifs parmi lesquels choisir.<\/p><div class=\"uagb-ifb-separator\"><\/div><\/div><\/div>\n\n\n\n<div class=\"wp-block-uagb-info-box uagb-block-ozdh6tlb uagb-infobox__content-wrap  uagb-infobox-icon-left-title uagb-infobox-left uagb-infobox-image-valign-top\"><div class=\"uagb-ifb-content\"><div class=\"uagb-ifb-left-title-image\"><div class=\"uagb-ifb-icon-wrap\"><svg xmlns=\"https:\/\/www.w3.org\/2000\/svg\" viewbox=\"0 0 448 512\"><path d=\"M438.6 105.4C451.1 117.9 451.1 138.1 438.6 150.6L182.6 406.6C170.1 419.1 149.9 419.1 137.4 406.6L9.372 278.6C-3.124 266.1-3.124 245.9 9.372 233.4C21.87 220.9 42.13 220.9 54.63 233.4L159.1 338.7L393.4 105.4C405.9 92.88 426.1 92.88 438.6 105.4H438.6z\"><\/path><\/svg><\/div><div class=\"uagb-ifb-title-wrap\"><h3 class=\"uagb-ifb-title\">\u00c9tape 3<\/h3><\/div><\/div><p class=\"uagb-ifb-desc\">\u00c9chantillon \u2013 Testez la qualit\u00e9 en petite quantit\u00e9 avant de vous engager sur un achat complet. Nous garantissons une solution parfaitement adapt\u00e9e \u00e0 vos besoins.&nbsp;<\/p><div class=\"uagb-ifb-separator\"><\/div><\/div><\/div>\n\n\n\n<div class=\"wp-block-uagb-info-box uagb-block-2406e4ef uagb-infobox__content-wrap  uagb-infobox-icon-left-title uagb-infobox-left uagb-infobox-image-valign-top\"><div class=\"uagb-ifb-content\"><div class=\"uagb-ifb-left-title-image\"><div class=\"uagb-ifb-icon-wrap\"><svg xmlns=\"https:\/\/www.w3.org\/2000\/svg\" viewbox=\"0 0 448 512\"><path d=\"M438.6 105.4C451.1 117.9 451.1 138.1 438.6 150.6L182.6 406.6C170.1 419.1 149.9 419.1 137.4 406.6L9.372 278.6C-3.124 266.1-3.124 245.9 9.372 233.4C21.87 220.9 42.13 220.9 54.63 233.4L159.1 338.7L393.4 105.4C405.9 92.88 426.1 92.88 438.6 105.4H438.6z\"><\/path><\/svg><\/div><div class=\"uagb-ifb-title-wrap\"><h3 class=\"uagb-ifb-title\">\u00c9tape 4<\/h3><\/div><\/div><p class=\"uagb-ifb-desc\">Concluez l\u2019affaire ! \u2013 Devenez un client pr\u00e9cieux et un partenaire de confiance gr\u00e2ce \u00e0 notre engagement envers l\u2019excellence.<\/p><div class=\"uagb-ifb-separator\"><\/div><\/div><\/div>\n<\/div>\n<\/div><\/div>\n\n\n\n<figure class=\"wp-block-image aligncenter size-large is-resized\"><img decoding=\"async\" src=\"https:\/\/www.voka.be\/sites\/default\/files\/images\/Member-logo-silver-EN.jpg\" alt=\"Member of the VOKA \" style=\"width:414px;height:auto\"\/><\/figure>\n\n\n\n\n\n<div class=\"wp-block-uagb-container uagb-block-b5f2dd4a default uagb-is-root-container\">\n<div class=\"wp-block-uagb-container uagb-layout-grid uagb-block-50082671\">\n<div class=\"wp-block-uagb-info-box uagb-block-8768d98f uagb-infobox__content-wrap  uagb-infobox-icon-above-title uagb-infobox-image-valign-top wp-block-uagb-info-box--has-margin\"><div class=\"uagb-infobox-margin-wrapper\"><div class=\"uagb-ifb-content\"><div class=\"uagb-ifb-title-wrap\"><h2 class=\"uagb-ifb-title\"><strong>Associez-vous \u00e0 nous pour am\u00e9liorer et optimiser vos solutions commerciales.<\/strong><\/h2><\/div><p class=\"uagb-ifb-desc\">Contactez-nous d\u00e8s aujourd&#039;hui pour trouver la solution id\u00e9ale \u00e0 toutes vos exigences.<\/p><div class=\"uagb-ifb-button-wrapper wp-block-button\"><a href=\"\/fr\/contact\/\" class=\"uagb-infobox-cta-link wp-block-button__link\" target=\"_self\" rel=\"noopener noreferrer\" onclick=\"return true;\"><span class=\"uagb-inline-editing\">En savoir plus<\/span><\/a><\/div><\/div><\/div><\/div>\n<\/div>\n<\/div>","protected":false},"excerpt":{"rendered":"<p>Your trusted adhesive partner With multi-generational experience, we offer unparalleled knowledge in the adhesives industry, ensuring top-notch products and services. [&hellip;]<\/p>\n","protected":false},"author":5,"featured_media":0,"parent":0,"menu_order":0,"comment_status":"closed","ping_status":"closed","template":"","meta":{"content-type":"","_uag_custom_page_level_css":"","site-sidebar-layout":"default","site-content-layout":"","ast-site-content-layout":"default","site-content-style":"default","site-sidebar-style":"default","ast-global-header-display":"","ast-banner-title-visibility":"disabled","ast-main-header-display":"","ast-hfb-above-header-display":"","ast-hfb-below-header-display":"","ast-hfb-mobile-header-display":"","site-post-title":"","ast-breadcrumbs-content":"","ast-featured-img":"","footer-sml-layout":"","ast-disable-related-posts":"","theme-transparent-header-meta":"default","adv-header-id-meta":"","stick-header-meta":"","header-above-stick-meta":"","header-main-stick-meta":"","header-below-stick-meta":"","astra-migrate-meta-layouts":"set","ast-page-background-enabled":"default","ast-page-background-meta":{"desktop":{"background-color":"var(--ast-global-color-4)","background-image":"","background-repeat":"repeat","background-position":"center center","background-size":"auto","background-attachment":"scroll","background-type":"","background-media":"","overlay-type":"","overlay-color":"","overlay-opacity":"","overlay-gradient":""},"tablet":{"background-color":"","background-image":"","background-repeat":"repeat","background-position":"center center","background-size":"auto","background-attachment":"scroll","background-type":"","background-media":"","overlay-type":"","overlay-color":"","overlay-opacity":"","overlay-gradient":""},"mobile":{"background-color":"","background-image":"","background-repeat":"repeat","background-position":"center center","background-size":"auto","background-attachment":"scroll","background-type":"","background-media":"","overlay-type":"","overlay-color":"","overlay-opacity":"","overlay-gradient":""}},"ast-content-background-meta":{"desktop":{"background-color":"var(--ast-global-color-5)","background-image":"","background-repeat":"repeat","background-position":"center center","background-size":"auto","background-attachment":"scroll","background-type":"","background-media":"","overlay-type":"","overlay-color":"","overlay-opacity":"","overlay-gradient":""},"tablet":{"background-color":"var(--ast-global-color-5)","background-image":"","background-repeat":"repeat","background-position":"center center","background-size":"auto","background-attachment":"scroll","background-type":"","background-media":"","overlay-type":"","overlay-color":"","overlay-opacity":"","overlay-gradient":""},"mobile":{"background-color":"var(--ast-global-color-5)","background-image":"","background-repeat":"repeat","background-position":"center center","background-size":"auto","background-attachment":"scroll","background-type":"","background-media":"","overlay-type":"","overlay-color":"","overlay-opacity":"","overlay-gradient":""}},"footnotes":""},"class_list":["post-44","page","type-page","status-publish","hentry"],"yoast_head":"<!-- This site is optimized with the Yoast SEO plugin v27.4 - https:\/\/yoast.com\/product\/yoast-seo-wordpress\/ -->\n<title>About Us | Leading Adhesive Sealant Products in Belgium<\/title>\n<meta name=\"description\" content=\"Learn how we supply fire retardant sealants, wood glue, and premium construction adhesives in Belgium. Meet our expert team and partner with us today!\" \/>\n<meta name=\"robots\" content=\"index, follow, max-snippet:-1, max-image-preview:large, max-video-preview:-1\" \/>\n<link rel=\"canonical\" href=\"https:\/\/vdb-adhesives.com\/fr\/a-propos\/\" \/>\n<meta property=\"og:locale\" content=\"fr_FR\" \/>\n<meta property=\"og:type\" content=\"article\" \/>\n<meta property=\"og:title\" content=\"About Us | Leading Adhesive Sealant Products in Belgium\" \/>\n<meta property=\"og:description\" content=\"Learn how we supply fire retardant sealants, wood glue, and premium construction adhesives in Belgium. Meet our expert team and partner with us today!\" \/>\n<meta property=\"og:url\" content=\"https:\/\/vdb-adhesives.com\/fr\/a-propos\/\" \/>\n<meta property=\"og:site_name\" content=\"VDB Adhesives\" \/>\n<meta property=\"article:modified_time\" content=\"2026-01-06T16:38:00+00:00\" \/>\n<meta property=\"og:image\" content=\"http:\/\/vdb-adhesives.com\/wp-content\/uploads\/2025\/11\/valentijn.png\" \/>\n<meta name=\"twitter:card\" content=\"summary_large_image\" \/>\n<meta name=\"twitter:label1\" content=\"Dur\u00e9e de lecture estim\u00e9e\" \/>\n\t<meta name=\"twitter:data1\" content=\"2 minutes\" \/>\n<script type=\"application\/ld+json\" class=\"yoast-schema-graph\">{\"@context\":\"https:\\\/\\\/schema.org\",\"@graph\":[{\"@type\":\"WebPage\",\"@id\":\"https:\\\/\\\/vdb-adhesives.com\\\/about\\\/\",\"url\":\"https:\\\/\\\/vdb-adhesives.com\\\/about\\\/\",\"name\":\"About Us | Leading Adhesive Sealant Products in Belgium\",\"isPartOf\":{\"@id\":\"https:\\\/\\\/vdb-adhesives.com\\\/#website\"},\"primaryImageOfPage\":{\"@id\":\"https:\\\/\\\/vdb-adhesives.com\\\/about\\\/#primaryimage\"},\"image\":{\"@id\":\"https:\\\/\\\/vdb-adhesives.com\\\/about\\\/#primaryimage\"},\"thumbnailUrl\":\"http:\\\/\\\/vdb-adhesives.com\\\/wp-content\\\/uploads\\\/2025\\\/11\\\/valentijn.png\",\"datePublished\":\"2024-07-29T09:35:59+00:00\",\"dateModified\":\"2026-01-06T16:38:00+00:00\",\"description\":\"Learn how we supply fire retardant sealants, wood glue, and premium construction adhesives in Belgium. Meet our expert team and partner with us today!\",\"breadcrumb\":{\"@id\":\"https:\\\/\\\/vdb-adhesives.com\\\/about\\\/#breadcrumb\"},\"inLanguage\":\"fr-FR\",\"potentialAction\":[{\"@type\":\"ReadAction\",\"target\":[\"https:\\\/\\\/vdb-adhesives.com\\\/about\\\/\"]}]},{\"@type\":\"ImageObject\",\"inLanguage\":\"fr-FR\",\"@id\":\"https:\\\/\\\/vdb-adhesives.com\\\/about\\\/#primaryimage\",\"url\":\"http:\\\/\\\/vdb-adhesives.com\\\/wp-content\\\/uploads\\\/2025\\\/11\\\/valentijn.png\",\"contentUrl\":\"http:\\\/\\\/vdb-adhesives.com\\\/wp-content\\\/uploads\\\/2025\\\/11\\\/valentijn.png\"},{\"@type\":\"BreadcrumbList\",\"@id\":\"https:\\\/\\\/vdb-adhesives.com\\\/about\\\/#breadcrumb\",\"itemListElement\":[{\"@type\":\"ListItem\",\"position\":1,\"name\":\"Home\",\"item\":\"https:\\\/\\\/vdb-adhesives.com\\\/\"},{\"@type\":\"ListItem\",\"position\":2,\"name\":\"About\"}]},{\"@type\":\"WebSite\",\"@id\":\"https:\\\/\\\/vdb-adhesives.com\\\/#website\",\"url\":\"https:\\\/\\\/vdb-adhesives.com\\\/\",\"name\":\"VdB Adhesives\",\"description\":\"Your partner in building materials\",\"publisher\":{\"@id\":\"https:\\\/\\\/vdb-adhesives.com\\\/#organization\"},\"potentialAction\":[{\"@type\":\"SearchAction\",\"target\":{\"@type\":\"EntryPoint\",\"urlTemplate\":\"https:\\\/\\\/vdb-adhesives.com\\\/?s={search_term_string}\"},\"query-input\":{\"@type\":\"PropertyValueSpecification\",\"valueRequired\":true,\"valueName\":\"search_term_string\"}}],\"inLanguage\":\"fr-FR\"},{\"@type\":\"Organization\",\"@id\":\"https:\\\/\\\/vdb-adhesives.com\\\/#organization\",\"name\":\"VdB Adhesives\",\"url\":\"https:\\\/\\\/vdb-adhesives.com\\\/\",\"logo\":{\"@type\":\"ImageObject\",\"inLanguage\":\"fr-FR\",\"@id\":\"https:\\\/\\\/vdb-adhesives.com\\\/#\\\/schema\\\/logo\\\/image\\\/\",\"url\":\"https:\\\/\\\/vdb-adhesives.com\\\/wp-content\\\/uploads\\\/2024\\\/08\\\/cropped-logo-VDB.png\",\"contentUrl\":\"https:\\\/\\\/vdb-adhesives.com\\\/wp-content\\\/uploads\\\/2024\\\/08\\\/cropped-logo-VDB.png\",\"width\":282,\"height\":167,\"caption\":\"VdB Adhesives\"},\"image\":{\"@id\":\"https:\\\/\\\/vdb-adhesives.com\\\/#\\\/schema\\\/logo\\\/image\\\/\"},\"sameAs\":[\"https:\\\/\\\/www.linkedin.com\\\/company\\\/vdb-adhesives\\\/\"]}]}<\/script>\n<!-- \/ Yoast SEO plugin. -->","yoast_head_json":{"title":"\u00c0 propos de nous | Leader des produits d&#039;\u00e9tanch\u00e9it\u00e9 adh\u00e9sifs en Belgique","description":"D\u00e9couvrez comment nous fournissons des mastics ignifuges, de la colle \u00e0 bois et des adh\u00e9sifs de construction haut de gamme en Belgique. Rencontrez notre \u00e9quipe d&#039;experts et devenez partenaire d\u00e8s aujourd&#039;hui\u00a0!","robots":{"index":"index","follow":"follow","max-snippet":"max-snippet:-1","max-image-preview":"max-image-preview:large","max-video-preview":"max-video-preview:-1"},"canonical":"https:\/\/vdb-adhesives.com\/fr\/a-propos\/","og_locale":"fr_FR","og_type":"article","og_title":"About Us | Leading Adhesive Sealant Products in Belgium","og_description":"Learn how we supply fire retardant sealants, wood glue, and premium construction adhesives in Belgium. Meet our expert team and partner with us today!","og_url":"https:\/\/vdb-adhesives.com\/fr\/a-propos\/","og_site_name":"VDB Adhesives","article_modified_time":"2026-01-06T16:38:00+00:00","og_image":[{"url":"http:\/\/vdb-adhesives.com\/wp-content\/uploads\/2025\/11\/valentijn.png","type":"","width":"","height":""}],"twitter_card":"summary_large_image","twitter_misc":{"Dur\u00e9e de lecture estim\u00e9e":"2 minutes"},"schema":{"@context":"https:\/\/schema.org","@graph":[{"@type":"WebPage","@id":"https:\/\/vdb-adhesives.com\/about\/","url":"https:\/\/vdb-adhesives.com\/about\/","name":"\u00c0 propos de nous | Leader des produits d&#039;\u00e9tanch\u00e9it\u00e9 adh\u00e9sifs en Belgique","isPartOf":{"@id":"https:\/\/vdb-adhesives.com\/#website"},"primaryImageOfPage":{"@id":"https:\/\/vdb-adhesives.com\/about\/#primaryimage"},"image":{"@id":"https:\/\/vdb-adhesives.com\/about\/#primaryimage"},"thumbnailUrl":"http:\/\/vdb-adhesives.com\/wp-content\/uploads\/2025\/11\/valentijn.png","datePublished":"2024-07-29T09:35:59+00:00","dateModified":"2026-01-06T16:38:00+00:00","description":"D\u00e9couvrez comment nous fournissons des mastics ignifuges, de la colle \u00e0 bois et des adh\u00e9sifs de construction haut de gamme en Belgique. Rencontrez notre \u00e9quipe d&#039;experts et devenez partenaire d\u00e8s aujourd&#039;hui\u00a0!","breadcrumb":{"@id":"https:\/\/vdb-adhesives.com\/about\/#breadcrumb"},"inLanguage":"fr-FR","potentialAction":[{"@type":"ReadAction","target":["https:\/\/vdb-adhesives.com\/about\/"]}]},{"@type":"ImageObject","inLanguage":"fr-FR","@id":"https:\/\/vdb-adhesives.com\/about\/#primaryimage","url":"http:\/\/vdb-adhesives.com\/wp-content\/uploads\/2025\/11\/valentijn.png","contentUrl":"http:\/\/vdb-adhesives.com\/wp-content\/uploads\/2025\/11\/valentijn.png"},{"@type":"BreadcrumbList","@id":"https:\/\/vdb-adhesives.com\/about\/#breadcrumb","itemListElement":[{"@type":"ListItem","position":1,"name":"Home","item":"https:\/\/vdb-adhesives.com\/"},{"@type":"ListItem","position":2,"name":"About"}]},{"@type":"WebSite","@id":"https:\/\/vdb-adhesives.com\/#website","url":"https:\/\/vdb-adhesives.com\/","name":"Adh\u00e9sifs VdB","description":"Votre partenaire en mat\u00e9riaux de construction","publisher":{"@id":"https:\/\/vdb-adhesives.com\/#organization"},"potentialAction":[{"@type":"SearchAction","target":{"@type":"EntryPoint","urlTemplate":"https:\/\/vdb-adhesives.com\/?s={search_term_string}"},"query-input":{"@type":"PropertyValueSpecification","valueRequired":true,"valueName":"search_term_string"}}],"inLanguage":"fr-FR"},{"@type":"Organization","@id":"https:\/\/vdb-adhesives.com\/#organization","name":"Adh\u00e9sifs VdB","url":"https:\/\/vdb-adhesives.com\/","logo":{"@type":"ImageObject","inLanguage":"fr-FR","@id":"https:\/\/vdb-adhesives.com\/#\/schema\/logo\/image\/","url":"https:\/\/vdb-adhesives.com\/wp-content\/uploads\/2024\/08\/cropped-logo-VDB.png","contentUrl":"https:\/\/vdb-adhesives.com\/wp-content\/uploads\/2024\/08\/cropped-logo-VDB.png","width":282,"height":167,"caption":"VdB Adhesives"},"image":{"@id":"https:\/\/vdb-adhesives.com\/#\/schema\/logo\/image\/"},"sameAs":["https:\/\/www.linkedin.com\/company\/vdb-adhesives\/"]}]}},"uagb_featured_image_src":{"full":false,"thumbnail":false,"medium":false,"medium_large":false,"large":false,"1536x1536":false,"2048x2048":false,"trp-custom-language-flag":false},"uagb_author_info":{"display_name":"Cyril","author_link":"https:\/\/vdb-adhesives.com\/fr\/author\/objkihw8jyuw\/"},"uagb_comment_info":0,"uagb_excerpt":"Your trusted adhesive partner With multi-generational experience, we offer unparalleled knowledge in the adhesives industry, ensuring top-notch products and services. [&hellip;]","_links":{"self":[{"href":"https:\/\/vdb-adhesives.com\/fr\/wp-json\/wp\/v2\/pages\/44","targetHints":{"allow":["GET"]}}],"collection":[{"href":"https:\/\/vdb-adhesives.com\/fr\/wp-json\/wp\/v2\/pages"}],"about":[{"href":"https:\/\/vdb-adhesives.com\/fr\/wp-json\/wp\/v2\/types\/page"}],"author":[{"embeddable":true,"href":"https:\/\/vdb-adhesives.com\/fr\/wp-json\/wp\/v2\/users\/5"}],"replies":[{"embeddable":true,"href":"https:\/\/vdb-adhesives.com\/fr\/wp-json\/wp\/v2\/comments?post=44"}],"version-history":[{"count":10,"href":"https:\/\/vdb-adhesives.com\/fr\/wp-json\/wp\/v2\/pages\/44\/revisions"}],"predecessor-version":[{"id":1616,"href":"https:\/\/vdb-adhesives.com\/fr\/wp-json\/wp\/v2\/pages\/44\/revisions\/1616"}],"wp:attachment":[{"href":"https:\/\/vdb-adhesives.com\/fr\/wp-json\/wp\/v2\/media?parent=44"}],"curies":[{"name":"wp","href":"https:\/\/api.w.org\/{rel}","templated":true}]}}