{"id":46,"date":"2024-07-29T09:35:58","date_gmt":"2024-07-29T09:35:58","guid":{"rendered":"http:\/\/daretocloud.ovh\/?page_id=46"},"modified":"2026-01-06T17:33:48","modified_gmt":"2026-01-06T16:33:48","slug":"contact","status":"publish","type":"page","link":"https:\/\/vdb-adhesives.com\/fr\/contact\/","title":{"rendered":"Contact"},"content":{"rendered":"<div class=\"wp-block-uagb-container uagb-block-c61f8af5 alignfull uagb-is-root-container\"><div class=\"uagb-container-inner-blocks-wrap\">\n<div class=\"wp-block-uagb-advanced-heading uagb-block-a9f61422\"><h1 class=\"uagb-heading-text\">Demandez une consultation avec nous<\/h1><\/div>\n<\/div><\/div>\n\n\n\n<div class=\"wp-block-uagb-container uagb-block-ea0e5a92 alignfull uagb-is-root-container\"><div class=\"uagb-container-inner-blocks-wrap\">\n<div class=\"wp-block-uagb-container uagb-block-3456d0e6\">\n<div class=\"wp-block-uagb-advanced-heading uagb-block-68042364\"><h2 class=\"uagb-heading-text\">Coordonn\u00e9es<\/h2><p class=\"uagb-desc-text\">Contactez-nous pour des solutions adh\u00e9sives personnalis\u00e9es<\/p><div class=\"uagb-separator\"><\/div><\/div>\n\n\n\n<div class=\"wp-block-uagb-advanced-heading uagb-block-7889b317\"><div class=\"uagb-heading-text\">E-mail:<\/div><p class=\"uagb-desc-text\"><a href=\"mailto:info@vdb-adhesives.com\">info@vdb-adhesives.com<\/a><\/p><\/div>\n\n\n\n<p><\/p>\n\n\n\n<div class=\"wp-block-uagb-advanced-heading uagb-block-2b569802\"><div class=\"uagb-heading-text\">T\u00e9l\u00e9phone:<\/div><p class=\"uagb-desc-text\">+32 (0)4 70 04 04 53<\/p><\/div>\n\n\n\n<p><\/p>\n\n\n\n<div class=\"wp-block-uagb-advanced-heading uagb-block-b3905704\"><div class=\"uagb-heading-text\">Num\u00e9ro de TVA :<\/div><p class=\"uagb-desc-text\">VDB Adhesives (SRL)<br>BE 1026.822.006<\/p><div class=\"uagb-separator\"><\/div><\/div>\n\n\n\n<div class=\"wp-block-uagb-container uagb-block-63a8ecdb\">\n<div class=\"wp-block-uagb-container uagb-block-bb47825c\">\n<div class=\"wp-block-uagb-advanced-heading uagb-block-db5c9e70\"><div class=\"uagb-heading-text\">Suivez-nous:<\/div><\/div>\n<\/div>\n\n\n\n<div class=\"wp-block-uagb-container uagb-block-4e18de39\">\n<div class=\"wp-block-uagb-icon-list uagb-block-1fe91e09\"><div class=\"uagb-icon-list__wrap\">\n<div class=\"wp-block-uagb-icon-list-child uagb-block-3e66b395\"><a target=\"_blank\" aria-label=\"\u00c9l\u00e9ment de liste\" rel=\"noopener noreferrer\" href=\"https:\/\/www.linkedin.com\/company\/vdb-adhesives\/\"> <\/a><span class=\"uagb-icon-list__source-wrap\"><svg xmlns=\"https:\/\/www.w3.org\/2000\/svg\" viewbox=\"0 0 448 512\"><path d=\"M100.3 448H7.4V148.9h92.88zM53.79 108.1C24.09 108.1 0 83.5 0 53.8a53.79 53.79 0 0 1 107.6 0c0 29.7-24.1 54.3-53.79 54.3zM447.9 448h-92.68V302.4c0-34.7-.7-79.2-48.29-79.2-48.29 0-55.69 37.7-55.69 76.7V448h-92.78V148.9h89.08v40.8h1.3c12.4-23.5 42.69-48.3 87.88-48.3 94 0 111.3 61.9 111.3 142.3V448z\"><\/path><\/svg><\/span><\/div>\n\n\n\n<div class=\"wp-block-uagb-icon-list-child uagb-block-41baf576\"><a target=\"_blank\" aria-label=\"-\" rel=\"noopener noreferrer\" href=\"https:\/\/maps.app.goo.gl\/V1Ytx19RZUzHSuxg6\"> <\/a><span class=\"uagb-icon-list__source-wrap\"><svg xmlns=\"https:\/\/www.w3.org\/2000\/svg\" viewbox=\"0 0 488 512\"><path d=\"M488 261.8C488 403.3 391.1 504 248 504 110.8 504 0 393.2 0 256S110.8 8 248 8c66.8 0 123 24.5 166.3 64.9l-67.5 64.9C258.5 52.6 94.3 116.6 94.3 256c0 86.5 69.1 156.6 153.7 156.6 98.2 0 135-70.4 140.8-106.9H248v-85.3h236.1c2.3 12.7 3.9 24.9 3.9 41.4z\"><\/path><\/svg><\/span><\/div>\n\n\n\n<div class=\"wp-block-uagb-icon-list-child uagb-block-7632ee4d\"><a target=\"_blank\" aria-label=\"-\" rel=\"noopener noreferrer\" href=\"https:\/\/www.instagram.com\/vdb_adhesives\"> <\/a><span class=\"uagb-icon-list__source-wrap\"><svg xmlns=\"https:\/\/www.w3.org\/2000\/svg\" viewbox=\"0 0 448 512\"><path d=\"M224.1 141c-63.6 0-114.9 51.3-114.9 114.9s51.3 114.9 114.9 114.9S339 319.5 339 255.9 287.7 141 224.1 141zm0 189.6c-41.1 0-74.7-33.5-74.7-74.7s33.5-74.7 74.7-74.7 74.7 33.5 74.7 74.7-33.6 74.7-74.7 74.7zm146.4-194.3c0 14.9-12 26.8-26.8 26.8-14.9 0-26.8-12-26.8-26.8s12-26.8 26.8-26.8 26.8 12 26.8 26.8zm76.1 27.2c-1.7-35.9-9.9-67.7-36.2-93.9-26.2-26.2-58-34.4-93.9-36.2-37-2.1-147.9-2.1-184.9 0-35.8 1.7-67.6 9.9-93.9 36.1s-34.4 58-36.2 93.9c-2.1 37-2.1 147.9 0 184.9 1.7 35.9 9.9 67.7 36.2 93.9s58 34.4 93.9 36.2c37 2.1 147.9 2.1 184.9 0 35.9-1.7 67.7-9.9 93.9-36.2 26.2-26.2 34.4-58 36.2-93.9 2.1-37 2.1-147.8 0-184.8zM398.8 388c-7.8 19.6-22.9 34.7-42.6 42.6-29.5 11.7-99.5 9-132.1 9s-102.7 2.6-132.1-9c-19.6-7.8-34.7-22.9-42.6-42.6-11.7-29.5-9-99.5-9-132.1s-2.6-102.7 9-132.1c7.8-19.6 22.9-34.7 42.6-42.6 29.5-11.7 99.5-9 132.1-9s102.7-2.6 132.1 9c19.6 7.8 34.7 22.9 42.6 42.6 11.7 29.5 9 99.5 9 132.1s2.7 102.7-9 132.1z\"><\/path><\/svg><\/span><\/div>\n\n\n\n<div class=\"wp-block-uagb-icon-list-child uagb-block-a7c87424\"><a target=\"_blank\" aria-label=\"-\" rel=\"noopener noreferrer\" href=\"https:\/\/www.youtube.com\/channel\/UCnZG5vOREvCNMeEMtJalVtg\"> <\/a><span class=\"uagb-icon-list__source-wrap\"><svg xmlns=\"https:\/\/www.w3.org\/2000\/svg\" viewbox=\"0 0 576 512\"><path d=\"M549.7 124.1c-6.281-23.65-24.79-42.28-48.28-48.6C458.8 64 288 64 288 64S117.2 64 74.63 75.49c-23.5 6.322-42 24.95-48.28 48.6-11.41 42.87-11.41 132.3-11.41 132.3s0 89.44 11.41 132.3c6.281 23.65 24.79 41.5 48.28 47.82C117.2 448 288 448 288 448s170.8 0 213.4-11.49c23.5-6.321 42-24.17 48.28-47.82 11.41-42.87 11.41-132.3 11.41-132.3s0-89.44-11.41-132.3zm-317.5 213.5V175.2l142.7 81.21-142.7 81.2z\"><\/path><\/svg><\/span><\/div>\n\n\n\n<div class=\"wp-block-uagb-icon-list-child uagb-block-20f6b494\"><a target=\"_blank\" aria-label=\"-\" rel=\"noopener noreferrer\" href=\"https:\/\/www.facebook.com\/people\/VDB-Adhesives\/61579589942956\/\"> <\/a><span class=\"uagb-icon-list__source-wrap\"><svg xmlns=\"https:\/\/www.w3.org\/2000\/svg\" viewbox=\"0 0 320 512\"><path d=\"M279.1 288l14.22-92.66h-88.91v-60.13c0-25.35 12.42-50.06 52.24-50.06h40.42V6.26S260.4 0 225.4 0c-73.22 0-121.1 44.38-121.1 124.7v70.62H22.89V288h81.39v224h100.2V288z\"><\/path><\/svg><\/span><\/div>\n<\/div><\/div>\n<\/div>\n<\/div>\n<\/div>\n\n\n\n<div class=\"wp-block-uagb-container uagb-block-33d82dfd\">\n<div class=\"wp-block-uagb-advanced-heading uagb-block-6ff4ee04\"><h3 class=\"uagb-heading-text\">Soumettre une demande ici<\/h3><\/div>\n\n\n\n<div class=\"wp-block-contact-form-7-contact-form-selector\">\n<div class=\"wpcf7 no-js\" id=\"wpcf7-f1277-o1\" lang=\"en-US\" dir=\"ltr\" data-wpcf7-id=\"1277\">\n<div class=\"screen-reader-response\"><p role=\"status\" aria-live=\"polite\" aria-atomic=\"true\"><\/p> <ul><\/ul><\/div>\n<form action=\"\/fr\/wp-json\/wp\/v2\/pages\/46#wpcf7-f1277-o1\" method=\"post\" class=\"wpcf7-form init\" aria-label=\"Contact form\" novalidate=\"novalidate\" data-status=\"init\" data-trp-original-action=\"\/fr\/wp-json\/wp\/v2\/pages\/46#wpcf7-f1277-o1\">\n<fieldset class=\"hidden-fields-container\"><input type=\"hidden\" name=\"_wpcf7\" value=\"1277\" \/><input type=\"hidden\" name=\"_wpcf7_version\" value=\"6.1.5\" \/><input type=\"hidden\" name=\"_wpcf7_locale\" value=\"en_US\" \/><input type=\"hidden\" name=\"_wpcf7_unit_tag\" value=\"wpcf7-f1277-o1\" \/><input type=\"hidden\" name=\"_wpcf7_container_post\" value=\"0\" \/><input type=\"hidden\" name=\"_wpcf7_posted_data_hash\" value=\"\" \/><input type=\"hidden\" name=\"_wpcf7_recaptcha_response\" value=\"\" \/>\n<\/fieldset>\n<p><label> Votre nom<br \/>\n<span class=\"wpcf7-form-control-wrap\" data-name=\"your-name\"><input size=\"40\" maxlength=\"400\" class=\"wpcf7-form-control wpcf7-text wpcf7-validates-as-required\" autocomplete=\"name\" aria-required=\"true\" aria-invalid=\"false\" value=\"\" type=\"text\" name=\"your-name\" \/><\/span> <\/label>\n<\/p>\n<p><label> Votre email<br \/>\n<span class=\"wpcf7-form-control-wrap\" data-name=\"your-email\"><input size=\"40\" maxlength=\"400\" class=\"wpcf7-form-control wpcf7-email wpcf7-validates-as-required wpcf7-text wpcf7-validates-as-email\" autocomplete=\"email\" aria-required=\"true\" aria-invalid=\"false\" value=\"\" type=\"email\" name=\"your-email\" \/><\/span> <\/label>\n<\/p>\n<p><label> Sujet<br \/>\n<span class=\"wpcf7-form-control-wrap\" data-name=\"your-subject\"><input size=\"40\" maxlength=\"400\" class=\"wpcf7-form-control wpcf7-text wpcf7-validates-as-required\" aria-required=\"true\" aria-invalid=\"false\" value=\"\" type=\"text\" name=\"your-subject\" \/><\/span> <\/label>\n<\/p>\n<p><label> Votre message<br \/>\n<span class=\"wpcf7-form-control-wrap\" data-name=\"your-message\"><textarea cols=\"40\" rows=\"10\" maxlength=\"2000\" class=\"wpcf7-form-control wpcf7-textarea\" aria-invalid=\"false\" name=\"your-message\"><\/textarea><\/span> <\/label>\n<\/p>\n<p><input class=\"wpcf7-form-control wpcf7-submit has-spinner\" type=\"submit\" value=\"Soumettre\" \/>\n<\/p><div class=\"wpcf7-response-output\" aria-hidden=\"true\"><\/div>\n<input type=\"hidden\" name=\"trp-form-language\" value=\"fr\"\/><\/form>\n<\/div>\n<\/div>\n<\/div>\n<\/div><\/div>\n\n\n\n<div class=\"wp-block-uagb-container uagb-block-b5f2dd4a default uagb-is-root-container\">\n<div class=\"wp-block-uagb-container uagb-layout-grid uagb-block-50082671\">\n<div class=\"wp-block-uagb-info-box uagb-block-8768d98f uagb-infobox__content-wrap  uagb-infobox-icon-above-title uagb-infobox-image-valign-top wp-block-uagb-info-box--has-margin\"><div class=\"uagb-infobox-margin-wrapper\"><div class=\"uagb-ifb-content\"><div class=\"uagb-ifb-title-wrap\"><h2 class=\"uagb-ifb-title\"><strong>Associez-vous \u00e0 nous pour am\u00e9liorer et optimiser vos solutions commerciales.<\/strong><\/h2><\/div><p class=\"uagb-ifb-desc\">Contactez-nous d\u00e8s aujourd&#039;hui pour trouver la solution id\u00e9ale \u00e0 toutes vos exigences.<\/p><div class=\"uagb-ifb-button-wrapper wp-block-button\"><a href=\"\/fr\/contact\/\" class=\"uagb-infobox-cta-link wp-block-button__link\" target=\"_self\" rel=\"noopener noreferrer\" onclick=\"return true;\"><span class=\"uagb-inline-editing\">En savoir plus<\/span><\/a><\/div><\/div><\/div><\/div>\n<\/div>\n<\/div>","protected":false},"excerpt":{"rendered":"<p>Request a Consultation with us Contact Details Get in Touch for Custom Adhesive Solutions Email: info@vdb-adhesives.com Phone: +32 (0)4 70 [&hellip;]<\/p>\n","protected":false},"author":5,"featured_media":0,"parent":0,"menu_order":0,"comment_status":"closed","ping_status":"closed","template":"","meta":{"content-type":"","_uag_custom_page_level_css":"","site-sidebar-layout":"no-sidebar","site-content-layout":"plain-container","ast-site-content-layout":"normal-width-container","site-content-style":"unboxed","site-sidebar-style":"unboxed","ast-global-header-display":"","ast-banner-title-visibility":"disabled","ast-main-header-display":"","ast-hfb-above-header-display":"","ast-hfb-below-header-display":"","ast-hfb-mobile-header-display":"","site-post-title":"","ast-breadcrumbs-content":"","ast-featured-img":"","footer-sml-layout":"","ast-disable-related-posts":"","theme-transparent-header-meta":"default","adv-header-id-meta":"","stick-header-meta":"","header-above-stick-meta":"","header-main-stick-meta":"","header-below-stick-meta":"","astra-migrate-meta-layouts":"set","ast-page-background-enabled":"default","ast-page-background-meta":{"desktop":{"background-color":"var(--ast-global-color-4)","background-image":"","background-repeat":"repeat","background-position":"center center","background-size":"auto","background-attachment":"scroll","background-type":"","background-media":"","overlay-type":"","overlay-color":"","overlay-opacity":"","overlay-gradient":""},"tablet":{"background-color":"","background-image":"","background-repeat":"repeat","background-position":"center center","background-size":"auto","background-attachment":"scroll","background-type":"","background-media":"","overlay-type":"","overlay-color":"","overlay-opacity":"","overlay-gradient":""},"mobile":{"background-color":"","background-image":"","background-repeat":"repeat","background-position":"center center","background-size":"auto","background-attachment":"scroll","background-type":"","background-media":"","overlay-type":"","overlay-color":"","overlay-opacity":"","overlay-gradient":""}},"ast-content-background-meta":{"desktop":{"background-color":"var(--ast-global-color-5)","background-image":"","background-repeat":"repeat","background-position":"center center","background-size":"auto","background-attachment":"scroll","background-type":"","background-media":"","overlay-type":"","overlay-color":"","overlay-opacity":"","overlay-gradient":""},"tablet":{"background-color":"var(--ast-global-color-5)","background-image":"","background-repeat":"repeat","background-position":"center center","background-size":"auto","background-attachment":"scroll","background-type":"","background-media":"","overlay-type":"","overlay-color":"","overlay-opacity":"","overlay-gradient":""},"mobile":{"background-color":"var(--ast-global-color-5)","background-image":"","background-repeat":"repeat","background-position":"center center","background-size":"auto","background-attachment":"scroll","background-type":"","background-media":"","overlay-type":"","overlay-color":"","overlay-opacity":"","overlay-gradient":""}},"footnotes":""},"class_list":["post-46","page","type-page","status-publish","hentry"],"yoast_head":"<!-- This site is optimized with the Yoast SEO plugin v27.4 - https:\/\/yoast.com\/product\/yoast-seo-wordpress\/ -->\n<title>Contact | Belgium\u2019s Trusted Hybrid Sealant Suppliers<\/title>\n<meta name=\"description\" content=\"Get answers about heat resistant adhesives, spray adhesives, or polyurethane foam sealant in Belgium. Contact our specialists now for expert guidance!\" \/>\n<meta name=\"robots\" content=\"index, follow, max-snippet:-1, max-image-preview:large, max-video-preview:-1\" \/>\n<link rel=\"canonical\" href=\"https:\/\/vdb-adhesives.com\/fr\/contact\/\" \/>\n<meta property=\"og:locale\" content=\"fr_FR\" \/>\n<meta property=\"og:type\" content=\"article\" \/>\n<meta property=\"og:title\" content=\"Contact | Belgium\u2019s Trusted Hybrid Sealant Suppliers\" \/>\n<meta property=\"og:description\" content=\"Get answers about heat resistant adhesives, spray adhesives, or polyurethane foam sealant in Belgium. Contact our specialists now for expert guidance!\" \/>\n<meta property=\"og:url\" content=\"https:\/\/vdb-adhesives.com\/fr\/contact\/\" \/>\n<meta property=\"og:site_name\" content=\"VDB Adhesives\" \/>\n<meta property=\"article:modified_time\" content=\"2026-01-06T16:33:48+00:00\" \/>\n<meta name=\"twitter:card\" content=\"summary_large_image\" \/>\n<meta name=\"twitter:label1\" content=\"Dur\u00e9e de lecture estim\u00e9e\" \/>\n\t<meta name=\"twitter:data1\" content=\"1 minute\" \/>\n<script type=\"application\/ld+json\" class=\"yoast-schema-graph\">{\"@context\":\"https:\\\/\\\/schema.org\",\"@graph\":[{\"@type\":\"WebPage\",\"@id\":\"https:\\\/\\\/vdb-adhesives.com\\\/contact\\\/\",\"url\":\"https:\\\/\\\/vdb-adhesives.com\\\/contact\\\/\",\"name\":\"Contact | Belgium\u2019s Trusted Hybrid Sealant Suppliers\",\"isPartOf\":{\"@id\":\"https:\\\/\\\/vdb-adhesives.com\\\/#website\"},\"datePublished\":\"2024-07-29T09:35:58+00:00\",\"dateModified\":\"2026-01-06T16:33:48+00:00\",\"description\":\"Get answers about heat resistant adhesives, spray adhesives, or polyurethane foam sealant in Belgium. Contact our specialists now for expert guidance!\",\"breadcrumb\":{\"@id\":\"https:\\\/\\\/vdb-adhesives.com\\\/contact\\\/#breadcrumb\"},\"inLanguage\":\"fr-FR\",\"potentialAction\":[{\"@type\":\"ReadAction\",\"target\":[\"https:\\\/\\\/vdb-adhesives.com\\\/contact\\\/\"]}]},{\"@type\":\"BreadcrumbList\",\"@id\":\"https:\\\/\\\/vdb-adhesives.com\\\/contact\\\/#breadcrumb\",\"itemListElement\":[{\"@type\":\"ListItem\",\"position\":1,\"name\":\"Home\",\"item\":\"https:\\\/\\\/vdb-adhesives.com\\\/\"},{\"@type\":\"ListItem\",\"position\":2,\"name\":\"Contact\"}]},{\"@type\":\"WebSite\",\"@id\":\"https:\\\/\\\/vdb-adhesives.com\\\/#website\",\"url\":\"https:\\\/\\\/vdb-adhesives.com\\\/\",\"name\":\"VdB Adhesives\",\"description\":\"Your partner in building materials\",\"publisher\":{\"@id\":\"https:\\\/\\\/vdb-adhesives.com\\\/#organization\"},\"potentialAction\":[{\"@type\":\"SearchAction\",\"target\":{\"@type\":\"EntryPoint\",\"urlTemplate\":\"https:\\\/\\\/vdb-adhesives.com\\\/?s={search_term_string}\"},\"query-input\":{\"@type\":\"PropertyValueSpecification\",\"valueRequired\":true,\"valueName\":\"search_term_string\"}}],\"inLanguage\":\"fr-FR\"},{\"@type\":\"Organization\",\"@id\":\"https:\\\/\\\/vdb-adhesives.com\\\/#organization\",\"name\":\"VdB Adhesives\",\"url\":\"https:\\\/\\\/vdb-adhesives.com\\\/\",\"logo\":{\"@type\":\"ImageObject\",\"inLanguage\":\"fr-FR\",\"@id\":\"https:\\\/\\\/vdb-adhesives.com\\\/#\\\/schema\\\/logo\\\/image\\\/\",\"url\":\"https:\\\/\\\/vdb-adhesives.com\\\/wp-content\\\/uploads\\\/2024\\\/08\\\/cropped-logo-VDB.png\",\"contentUrl\":\"https:\\\/\\\/vdb-adhesives.com\\\/wp-content\\\/uploads\\\/2024\\\/08\\\/cropped-logo-VDB.png\",\"width\":282,\"height\":167,\"caption\":\"VdB Adhesives\"},\"image\":{\"@id\":\"https:\\\/\\\/vdb-adhesives.com\\\/#\\\/schema\\\/logo\\\/image\\\/\"},\"sameAs\":[\"https:\\\/\\\/www.linkedin.com\\\/company\\\/vdb-adhesives\\\/\"]}]}<\/script>\n<!-- \/ Yoast SEO plugin. -->","yoast_head_json":{"title":"Contact | Fournisseurs de mastics hybrides de confiance en Belgique","description":"Obtenez des r\u00e9ponses \u00e0 vos questions sur les adh\u00e9sifs r\u00e9sistants \u00e0 la chaleur, les adh\u00e9sifs en a\u00e9rosol ou les mastics en mousse de polyur\u00e9thane en Belgique. Contactez nos sp\u00e9cialistes d\u00e8s maintenant pour b\u00e9n\u00e9ficier de conseils d&#039;experts\u00a0!","robots":{"index":"index","follow":"follow","max-snippet":"max-snippet:-1","max-image-preview":"max-image-preview:large","max-video-preview":"max-video-preview:-1"},"canonical":"https:\/\/vdb-adhesives.com\/fr\/contact\/","og_locale":"fr_FR","og_type":"article","og_title":"Contact | Belgium\u2019s Trusted Hybrid Sealant Suppliers","og_description":"Get answers about heat resistant adhesives, spray adhesives, or polyurethane foam sealant in Belgium. Contact our specialists now for expert guidance!","og_url":"https:\/\/vdb-adhesives.com\/fr\/contact\/","og_site_name":"VDB Adhesives","article_modified_time":"2026-01-06T16:33:48+00:00","twitter_card":"summary_large_image","twitter_misc":{"Dur\u00e9e de lecture estim\u00e9e":"1 minute"},"schema":{"@context":"https:\/\/schema.org","@graph":[{"@type":"WebPage","@id":"https:\/\/vdb-adhesives.com\/contact\/","url":"https:\/\/vdb-adhesives.com\/contact\/","name":"Contact | Fournisseurs de mastics hybrides de confiance en Belgique","isPartOf":{"@id":"https:\/\/vdb-adhesives.com\/#website"},"datePublished":"2024-07-29T09:35:58+00:00","dateModified":"2026-01-06T16:33:48+00:00","description":"Obtenez des r\u00e9ponses \u00e0 vos questions sur les adh\u00e9sifs r\u00e9sistants \u00e0 la chaleur, les adh\u00e9sifs en a\u00e9rosol ou les mastics en mousse de polyur\u00e9thane en Belgique. Contactez nos sp\u00e9cialistes d\u00e8s maintenant pour b\u00e9n\u00e9ficier de conseils d&#039;experts\u00a0!","breadcrumb":{"@id":"https:\/\/vdb-adhesives.com\/contact\/#breadcrumb"},"inLanguage":"fr-FR","potentialAction":[{"@type":"ReadAction","target":["https:\/\/vdb-adhesives.com\/contact\/"]}]},{"@type":"BreadcrumbList","@id":"https:\/\/vdb-adhesives.com\/contact\/#breadcrumb","itemListElement":[{"@type":"ListItem","position":1,"name":"Home","item":"https:\/\/vdb-adhesives.com\/"},{"@type":"ListItem","position":2,"name":"Contact"}]},{"@type":"WebSite","@id":"https:\/\/vdb-adhesives.com\/#website","url":"https:\/\/vdb-adhesives.com\/","name":"Adh\u00e9sifs VdB","description":"Votre partenaire en mat\u00e9riaux de construction","publisher":{"@id":"https:\/\/vdb-adhesives.com\/#organization"},"potentialAction":[{"@type":"SearchAction","target":{"@type":"EntryPoint","urlTemplate":"https:\/\/vdb-adhesives.com\/?s={search_term_string}"},"query-input":{"@type":"PropertyValueSpecification","valueRequired":true,"valueName":"search_term_string"}}],"inLanguage":"fr-FR"},{"@type":"Organization","@id":"https:\/\/vdb-adhesives.com\/#organization","name":"Adh\u00e9sifs VdB","url":"https:\/\/vdb-adhesives.com\/","logo":{"@type":"ImageObject","inLanguage":"fr-FR","@id":"https:\/\/vdb-adhesives.com\/#\/schema\/logo\/image\/","url":"https:\/\/vdb-adhesives.com\/wp-content\/uploads\/2024\/08\/cropped-logo-VDB.png","contentUrl":"https:\/\/vdb-adhesives.com\/wp-content\/uploads\/2024\/08\/cropped-logo-VDB.png","width":282,"height":167,"caption":"VdB Adhesives"},"image":{"@id":"https:\/\/vdb-adhesives.com\/#\/schema\/logo\/image\/"},"sameAs":["https:\/\/www.linkedin.com\/company\/vdb-adhesives\/"]}]}},"uagb_featured_image_src":{"full":false,"thumbnail":false,"medium":false,"medium_large":false,"large":false,"1536x1536":false,"2048x2048":false,"trp-custom-language-flag":false},"uagb_author_info":{"display_name":"Cyril","author_link":"https:\/\/vdb-adhesives.com\/fr\/author\/objkihw8jyuw\/"},"uagb_comment_info":0,"uagb_excerpt":"Request a Consultation with us Contact Details Get in Touch for Custom Adhesive Solutions Email: info@vdb-adhesives.com Phone: +32 (0)4 70 [&hellip;]","_links":{"self":[{"href":"https:\/\/vdb-adhesives.com\/fr\/wp-json\/wp\/v2\/pages\/46","targetHints":{"allow":["GET"]}}],"collection":[{"href":"https:\/\/vdb-adhesives.com\/fr\/wp-json\/wp\/v2\/pages"}],"about":[{"href":"https:\/\/vdb-adhesives.com\/fr\/wp-json\/wp\/v2\/types\/page"}],"author":[{"embeddable":true,"href":"https:\/\/vdb-adhesives.com\/fr\/wp-json\/wp\/v2\/users\/5"}],"replies":[{"embeddable":true,"href":"https:\/\/vdb-adhesives.com\/fr\/wp-json\/wp\/v2\/comments?post=46"}],"version-history":[{"count":8,"href":"https:\/\/vdb-adhesives.com\/fr\/wp-json\/wp\/v2\/pages\/46\/revisions"}],"predecessor-version":[{"id":1613,"href":"https:\/\/vdb-adhesives.com\/fr\/wp-json\/wp\/v2\/pages\/46\/revisions\/1613"}],"wp:attachment":[{"href":"https:\/\/vdb-adhesives.com\/fr\/wp-json\/wp\/v2\/media?parent=46"}],"curies":[{"name":"wp","href":"https:\/\/api.w.org\/{rel}","templated":true}]}}